{"id":2529,"date":"2024-10-29T20:17:24","date_gmt":"2024-10-29T23:17:24","guid":{"rendered":"https:\/\/riohelicopters.com\/?page_id=2529"},"modified":"2024-10-29T20:25:46","modified_gmt":"2024-10-29T23:25:46","slug":"politicas-de-privacidade","status":"publish","type":"page","link":"https:\/\/riohelicopters.com\/en\/politicas-de-privacidade\/","title":{"rendered":"Privacy Policy"},"content":{"rendered":"<p>[et_pb_section fb_built=&#8221;1&#8243; _builder_version=&#8221;4.27.2&#8243; _module_preset=&#8221;default&#8221; custom_padding=&#8221;170px||||false|false&#8221; da_disable_devices=&#8221;off|off|off&#8221; global_colors_info=&#8221;{}&#8221; da_is_popup=&#8221;off&#8221; da_exit_intent=&#8221;off&#8221; da_has_close=&#8221;on&#8221; da_alt_close=&#8221;off&#8221; da_dark_close=&#8221;off&#8221; da_not_modal=&#8221;on&#8221; da_is_singular=&#8221;off&#8221; da_with_loader=&#8221;off&#8221; da_has_shadow=&#8221;on&#8221;][et_pb_row _builder_version=&#8221;4.27.2&#8243; _module_preset=&#8221;default&#8221; hover_enabled=&#8221;0&#8243; global_colors_info=&#8221;{}&#8221; max_width=&#8221;1300px&#8221; sticky_enabled=&#8221;0&#8243;][et_pb_column type=&#8221;4_4&#8243; _builder_version=&#8221;4.27.2&#8243; _module_preset=&#8221;default&#8221; global_colors_info=&#8221;{}&#8221;][et_pb_text _builder_version=&#8221;4.27.2&#8243; _module_preset=&#8221;default&#8221; global_colors_info=&#8221;{}&#8221;]<\/p>\n<h2><strong>Quem somos:<\/strong><strong><\/strong><\/h2>\n<p>Somos uma empresa de turismo, regulamentada sob o CNPJ&nbsp;17.224.381\/0001-95 que atua na opera\u00e7\u00e3o de vendas de passeios de Helic\u00f3pteros. O endere\u00e7o do nosso site \u00e9: <a href=\"https:\/\/riohelicopters.com\/en\/?utm_campaign=passeio-classic&amp;gclid=Cj0KCQjwrp-3BhDgARIsAEWJ6SzlgvVb_BQbBMG5VRx-CXMhY7EExK_qTqvB9bsVdV0YV9g8y-ZhoFoaAub1EALw_wcB\">https:\/\/riohelicopters.com<\/a><\/p>\n<h2><strong>Quais dados pessoais coletamos e porque:<\/strong><\/h2>\n<p>A sua privacidade \u00e9 importante para n\u00f3s. \u00c9 pol\u00edtica do Rio Helicopters respeitar a sua privacidade em rela\u00e7\u00e3o a qualquer informa\u00e7\u00e3o sua que possamos coletar em nosso website.<\/p>\n<p>Solicitamos informa\u00e7\u00f5es pessoais apenas quando realmente precisamos delas para lhe fornecer um servi\u00e7o. Fazemo-lo por meios justos e legais, com o seu conhecimento e consentimento. Tamb\u00e9m informamos por que estamos coletando e como ser\u00e1 usado.<\/p>\n<p>Quando os visitantes deixam coment\u00e1rios no site, coletamos os dados mostrados no formul\u00e1rio de coment\u00e1rios, al\u00e9m do endere\u00e7o de IP e de dados do navegador do visitante, para auxiliar na detec\u00e7\u00e3o de spam.<\/p>\n<p>Uma sequ\u00eancia anonimizada de caracteres criada a partir do seu e-mail (tamb\u00e9m chamada de hash) poder\u00e1 ser enviada para o Gravatar para verificar se voc\u00ea usa o servi\u00e7o. A pol\u00edtica de privacidade do Gravatar est\u00e1 dispon\u00edvel aqui: <a href=\"https:\/\/automattic.com\/privacy\/?utm_campaign=passeio-classic&amp;gclid=Cj0KCQjwrp-3BhDgARIsAEWJ6SzlgvVb_BQbBMG5VRx-CXMhY7EExK_qTqvB9bsVdV0YV9g8y-ZhoFoaAub1EALw_wcB\">https:\/\/automattic.com\/privacy\/<\/a>.<\/p>\n<p>Apenas retemos as informa\u00e7\u00f5es coletadas pelo tempo necess\u00e1rio para fornecer o servi\u00e7o solicitado. Quando armazenamos dados, protegemos dentro de meios comercialmente aceit\u00e1veis &#038;ZeroWidthSpace;&#038;ZeroWidthSpace;para evitar perdas e roubos, bem como acesso, divulga\u00e7\u00e3o, c\u00f3pia, uso ou modifica\u00e7\u00e3o n\u00e3o autorizados.<\/p>\n<p>N\u00e3o compartilhamos informa\u00e7\u00f5es de identifica\u00e7\u00e3o pessoal publicamente ou com terceiros, exceto quando exigido por lei.<\/p>\n<p>O nosso site pode ter links para sites externos que n\u00e3o s\u00e3o operados por n\u00f3s. Esteja ciente de que n\u00e3o temos controle sobre o conte\u00fado e pr\u00e1ticas desses sites e n\u00e3o podemos aceitar responsabilidade por suas respectivas&nbsp;pol\u00edticas de privacidade.<\/p>\n<p>Voc\u00ea \u00e9 livre para recusar a nossa solicita\u00e7\u00e3o de informa\u00e7\u00f5es pessoais, entendendo que talvez n\u00e3o possamos fornecer alguns dos servi\u00e7os desejados.<\/p>\n<p>O uso continuado de nosso site ser\u00e1 considerado como aceita\u00e7\u00e3o de nossas pr\u00e1ticas em torno de privacidade e informa\u00e7\u00f5es pessoais. Se voc\u00ea tiver alguma d\u00favida sobre como lidamos com dados do usu\u00e1rio e informa\u00e7\u00f5es pessoais, entre em contacto conosco.<\/p>\n<h2><strong>Informa\u00e7\u00f5es coletadas atrav\u00e9s de nossos sistemas de pagamento:<\/strong><strong><\/strong><\/h2>\n<p>Dados de pagamento n\u00e3o s\u00e3o armazenados no site, v\u00e3o direto para o intermediador de pagamento, e toda e qualquer transa\u00e7\u00e3o financeira \u00e9 processada fora do site. <\/p>\n<p>Ao fazer pagamentos e dep\u00f3sitos coletamos algumas informa\u00e7\u00f5es pessoais, dependendo de como o pagamento \u00e9 feito. As empresas que processam a cobran\u00e7a de cart\u00e3o capturam informa\u00e7\u00f5es de pagamento com cart\u00e3o de cr\u00e9dito que s\u00e3o armazenadas nos seus servidores seguros dos servi\u00e7os comerciais da empresa de cobran\u00e7a. <\/p>\n<p>As empresas de cobran\u00e7a, como PayPal por exemplo, capturam informa\u00e7\u00f5es de cart\u00e3o de cr\u00e9dito ou de outras formas de pagamento, e fornecem apenas informa\u00e7\u00f5es de pagamento e valor, bem como um n\u00famero de refer\u00eancia. Nenhuma informa\u00e7\u00e3o de n\u00famero de cart\u00e3o de cr\u00e9dito ou endere\u00e7o \u00e9 disponibilizada e nunca s\u00e3o adicionadas ao nosso arquivo do usu\u00e1rio, mas as informa\u00e7\u00f5es de endere\u00e7o podem ser adicionadas ao arquivo do usu\u00e1rio.<\/p>\n<h2><strong>Formul\u00e1rios de contato:<\/strong><strong><\/strong><\/h2>\n<p>Quando voc\u00ea envia dados por meio de um formul\u00e1rio como os encontrados nas p\u00e1ginas de contato ou nos formul\u00e1rios de coment\u00e1rios, os cookies podem ser configurados para lembrar os detalhes do usu\u00e1rio para correspond\u00eancia futura.<\/p>\n<h2><strong>Cookies:<\/strong><\/h2>\n<p>Ao deixar um coment\u00e1rio no site, voc\u00ea poder\u00e1 optar por salvar seu nome, e-mail e site nos cookies. Isso visa seu conforto, assim voc\u00ea n\u00e3o precisar\u00e1 preencher seus dados novamente quando fizer outro coment\u00e1rio. Estes cookies duram um ano.<\/p>\n<p>Se voc\u00ea tem uma conta e acessa este site, um cookie tempor\u00e1rio ser\u00e1 criado para determinar se seu navegador aceita cookies. Ele n\u00e3o cont\u00e9m nenhum dado pessoal e ser\u00e1 descartado quando voc\u00ea fechar seu navegador.<\/p>\n<p>Quando voc\u00ea acessa sua conta no site, tamb\u00e9m criamos v\u00e1rios cookies para salvar os dados da sua conta e suas escolhas de exibi\u00e7\u00e3o de tela. Cookies de login s\u00e3o mantidos por dois dias e cookies de op\u00e7\u00f5es de tela por um ano. Se voc\u00ea selecionar \u201cLembrar-me\u201d, seu acesso ser\u00e1 mantido por duas semanas. Se voc\u00ea se desconectar da sua conta, os cookies de login ser\u00e3o removidos.<\/p>\n<p>Se voc\u00ea editar ou publicar um artigo, um cookie adicional ser\u00e1 salvo no seu navegador. Este cookie n\u00e3o inclui nenhum dado pessoal e simplesmente indica o ID do post referente ao artigo que voc\u00ea acabou de editar. Ele expira depois de 1 dia.<\/p>\n<h2><strong>M\u00eddia incorporada de outros sites:<\/strong><strong><\/strong><\/h2>\n<p>Artigos neste site podem incluir conte\u00fado incorporado como, por exemplo, v\u00eddeos, imagens, artigos, etc. Conte\u00fados incorporados de outros sites se comportam exatamente da mesma forma como se o visitante estivesse visitando o outro site.<\/p>\n<p>Estes sites podem coletar dados sobre voc\u00ea, usar cookies, incorporar rastreamento adicional de terceiros e monitorar sua intera\u00e7\u00e3o com este conte\u00fado incorporado, incluindo sua intera\u00e7\u00e3o com o conte\u00fado incorporado se voc\u00ea tem uma conta e est\u00e1 conectado com o site.<\/p>\n<h2><strong>An\u00e1lises:<\/strong><\/h2>\n<p>Em alguns casos especiais, tamb\u00e9m usamos cookies fornecidos por terceiros confi\u00e1veis. A se\u00e7\u00e3o a seguir detalha quais cookies de terceiros voc\u00ea pode encontrar atrav\u00e9s deste site.<\/p>\n<p>Este site usa o Google Analytics, que \u00e9 uma das solu\u00e7\u00f5es de an\u00e1lise mais difundidas e confi\u00e1veis &#038;ZeroWidthSpace;&#038;ZeroWidthSpace;da Web, para nos ajudar a entender como voc\u00ea usa o site e como podemos melhorar sua experi\u00eancia. Esses cookies podem rastrear itens como quanto tempo voc\u00ea gasta no site e as p\u00e1ginas visitadas, para que possamos continuar produzindo conte\u00fado atraente.<\/p>\n<p>Para mais informa\u00e7\u00f5es sobre cookies do Google Analytics, consulte a p\u00e1gina oficial do Google Analytics.<\/p>\n<p>As an\u00e1lises de terceiros s\u00e3o usadas para rastrear e medir o uso deste site, para que possamos continuar produzindo conte\u00fado atrativo. Esses cookies podem rastrear itens como o tempo que voc\u00ea passa no site ou as p\u00e1ginas visitadas, o que nos ajuda a entender como podemos melhorar o site para voc\u00ea.<\/p>\n<p>Periodicamente, testamos novos recursos e fazemos altera\u00e7\u00f5es subtis na maneira como o site se apresenta. Quando ainda estamos testando novos recursos, esses cookies podem ser usados &#038;ZeroWidthSpace;&#038;ZeroWidthSpace;para garantir que voc\u00ea receba uma experi\u00eancia consistente enquanto estiver no site, enquanto entendemos quais otimiza\u00e7\u00f5es os nossos usu\u00e1rios mais apreciam.<\/p>\n<p>\u00c0 medida que vendemos produtos, \u00e9 importante entendermos as estat\u00edsticas sobre quantos visitantes de nosso site realmente compram e, portanto, esse \u00e9 o tipo de dados que esses cookies rastrear\u00e3o. Isso \u00e9 importante para voc\u00ea, pois significa que podemos fazer previs\u00f5es de neg\u00f3cios com precis\u00e3o que nos permitem analisar nossos custos de publicidade e produtos para garantir o melhor pre\u00e7o poss\u00edvel.<\/p>\n<h2><strong>Por quanto tempo mantemos os seus dados:<\/strong><strong><\/strong><\/h2>\n<p>Se voc\u00ea deixar um coment\u00e1rio, o coment\u00e1rio e os seus metadados s\u00e3o conservados indefinidamente. Fazemos isso para que seja poss\u00edvel reconhecer e aprovar automaticamente qualquer coment\u00e1rio posterior ao inv\u00e9s de ret\u00ea-lo para modera\u00e7\u00e3o.<\/p>\n<p>Para usu\u00e1rios que se registram no nosso site (se houver), tamb\u00e9m guardamos as informa\u00e7\u00f5es pessoais que fornecem no seu perfil de usu\u00e1rio. Todos os usu\u00e1rios podem ver, editar ou excluir suas informa\u00e7\u00f5es pessoais a qualquer momento (s\u00f3 n\u00e3o \u00e9 poss\u00edvel alterar o seu username). Os administradores de sites tamb\u00e9m podem ver e editar estas informa\u00e7\u00f5es.<\/p>\n<h2><strong>Quais os seus direitos sobre seus dados:<\/strong><\/h2>\n<p>Se voc\u00ea tiver uma conta neste site ou se tiver deixado coment\u00e1rios, pode solicitar um arquivo exportado dos dados pessoais que mantemos sobre voc\u00ea, inclusive quaisquer dados que nos tenha fornecido. Tamb\u00e9m pode solicitar que removamos qualquer dado pessoal que mantemos sobre voc\u00ea. Isto n\u00e3o inclui nenhuns dados que somos obrigados a manter para prop\u00f3sitos administrativos, legais ou de seguran\u00e7a.<\/p>\n<h2><strong>Para onde enviamos seus dados:<\/strong><strong><\/strong><\/h2>\n<p>N\u00e3o compartilhamos seus dados com ningu\u00e9m. Coment\u00e1rios de visitantes podem ser marcados por um servi\u00e7o autom\u00e1tico de detec\u00e7\u00e3o de spam.<\/p>\n<h2><strong>Como protegemos seus dados:<\/strong><strong><\/strong><\/h2>\n<p>A Rio Helicopters toma todas as medidas razoavelmente necess\u00e1rias para garantir que seus dados sejam tratados com seguran\u00e7a e de acordo com esta Pol\u00edtica de Privacidade e nenhuma transfer\u00eancia de seus Dados Pessoais ocorrer\u00e1 para uma outra organiza\u00e7\u00e3o sem que haja um controle adequado em vigor, incluindo a seguran\u00e7a de seu dados e outras informa\u00e7\u00f5es pessoais.<\/p>\n<h2><strong>Informa\u00e7\u00f5es adicionais:<\/strong><strong><\/strong><\/h2>\n<p>Esperemos que esteja esclarecido e se houver algo que voc\u00ea n\u00e3o tem certeza, geralmente \u00e9 mais seguro deixar os cookies ativados, caso interaja com um dos recursos que voc\u00ea usa em nosso site.<\/p>\n<h2><strong>Informa\u00e7\u00f5es de contato:<\/strong><strong><\/strong><\/h2>\n<p>Se voc\u00ea tiver alguma d\u00favida sobre esta Pol\u00edtica de Privacidade, entre em contato conosco:<\/p>\n<p>Email: <a href=\"mailto:info@riohelicopters.com?utm_campaign=passeio-classic&amp;gclid=Cj0KCQjwrp-3BhDgARIsAEWJ6SzlgvVb_BQbBMG5VRx-CXMhY7EExK_qTqvB9bsVdV0YV9g8y-ZhoFoaAub1EALw_wcB\">info@riohelicopters.com<\/a><\/p>\n<p>[\/et_pb_text][\/et_pb_column][\/et_pb_row][\/et_pb_section]<\/p>","protected":false},"excerpt":{"rendered":"<p>Quem somos: Somos uma empresa de turismo, regulamentada sob o CNPJ&nbsp;17.224.381\/0001-95 que atua na opera\u00e7\u00e3o de vendas de passeios de Helic\u00f3pteros. O endere\u00e7o do nosso site \u00e9: https:\/\/riohelicopters.com Quais dados pessoais coletamos e porque: A sua privacidade \u00e9 importante para n\u00f3s. \u00c9 pol\u00edtica do Rio Helicopters respeitar a sua privacidade em rela\u00e7\u00e3o a qualquer informa\u00e7\u00e3o [&hellip;]<\/p>","protected":false},"author":2,"featured_media":0,"parent":0,"menu_order":4,"comment_status":"closed","ping_status":"closed","template":"","meta":{"_acf_changed":false,"_et_pb_use_builder":"on","_et_pb_old_content":"","_et_gb_content_width":"","footnotes":""},"class_list":["post-2529","page","type-page","status-publish","hentry"],"acf":[],"yoast_head":"<!-- This site is optimized with the Yoast SEO plugin v23.7 - https:\/\/yoast.com\/wordpress\/plugins\/seo\/ -->\n<title>Pol\u00edticas de Privacidade - Rio Helicopters<\/title>\n<meta name=\"robots\" content=\"index, follow, max-snippet:-1, max-image-preview:large, max-video-preview:-1\" \/>\n<link rel=\"canonical\" href=\"https:\/\/riohelicopters.com\/en\/politicas-de-privacidade\/\" \/>\n<meta property=\"og:locale\" content=\"en_US\" \/>\n<meta property=\"og:type\" content=\"article\" \/>\n<meta property=\"og:title\" content=\"Pol\u00edticas de Privacidade - Rio Helicopters\" \/>\n<meta property=\"og:description\" content=\"Quem somos: Somos uma empresa de turismo, regulamentada sob o CNPJ&nbsp;17.224.381\/0001-95 que atua na opera\u00e7\u00e3o de vendas de passeios de Helic\u00f3pteros. O endere\u00e7o do nosso site \u00e9: https:\/\/riohelicopters.com Quais dados pessoais coletamos e porque: A sua privacidade \u00e9 importante para n\u00f3s. \u00c9 pol\u00edtica do Rio Helicopters respeitar a sua privacidade em rela\u00e7\u00e3o a qualquer informa\u00e7\u00e3o [&hellip;]\" \/>\n<meta property=\"og:url\" content=\"https:\/\/riohelicopters.com\/en\/wp-json\/wp\/v2\/pages\/2529\" \/>\n<meta property=\"og:site_name\" content=\"Rio Helicopters\" \/>\n<meta property=\"article:modified_time\" content=\"2024-10-29T23:25:46+00:00\" \/>\n<meta name=\"twitter:card\" content=\"summary_large_image\" \/>\n<meta name=\"twitter:label1\" content=\"Est. reading time\" \/>\n\t<meta name=\"twitter:data1\" content=\"8 minutes\" \/>\n<script type=\"application\/ld+json\" class=\"yoast-schema-graph\">{\"@context\":\"https:\/\/schema.org\",\"@graph\":[{\"@type\":\"WebPage\",\"@id\":\"https:\/\/riohelicopters.com\/politicas-de-privacidade\/\",\"url\":\"https:\/\/riohelicopters.com\/politicas-de-privacidade\/\",\"name\":\"Pol\u00edticas de Privacidade - Rio Helicopters\",\"isPartOf\":{\"@id\":\"https:\/\/riohelicopters.com\/#website\"},\"datePublished\":\"2024-10-29T23:17:24+00:00\",\"dateModified\":\"2024-10-29T23:25:46+00:00\",\"breadcrumb\":{\"@id\":\"https:\/\/riohelicopters.com\/politicas-de-privacidade\/#breadcrumb\"},\"inLanguage\":\"en-US\",\"potentialAction\":[{\"@type\":\"ReadAction\",\"target\":[\"https:\/\/riohelicopters.com\/politicas-de-privacidade\/\"]}]},{\"@type\":\"BreadcrumbList\",\"@id\":\"https:\/\/riohelicopters.com\/politicas-de-privacidade\/#breadcrumb\",\"itemListElement\":[{\"@type\":\"ListItem\",\"position\":1,\"name\":\"In\u00edcio\",\"item\":\"https:\/\/riohelicopters.com\/\"},{\"@type\":\"ListItem\",\"position\":2,\"name\":\"Pol\u00edticas de Privacidade\"}]},{\"@type\":\"WebSite\",\"@id\":\"https:\/\/riohelicopters.com\/#website\",\"url\":\"https:\/\/riohelicopters.com\/\",\"name\":\"Rio Helicopters\",\"description\":\"Passeios de helic\u00f3ptero no Rio de Janeiro\",\"potentialAction\":[{\"@type\":\"SearchAction\",\"target\":{\"@type\":\"EntryPoint\",\"urlTemplate\":\"https:\/\/riohelicopters.com\/?s={search_term_string}\"},\"query-input\":{\"@type\":\"PropertyValueSpecification\",\"valueRequired\":true,\"valueName\":\"search_term_string\"}}],\"inLanguage\":\"en-US\"}]}<\/script>\n<!-- \/ Yoast SEO plugin. -->","yoast_head_json":{"title":"Pol\u00edticas de Privacidade - Rio Helicopters","robots":{"index":"index","follow":"follow","max-snippet":"max-snippet:-1","max-image-preview":"max-image-preview:large","max-video-preview":"max-video-preview:-1"},"canonical":"https:\/\/riohelicopters.com\/en\/politicas-de-privacidade\/","og_locale":"en_US","og_type":"article","og_title":"Pol\u00edticas de Privacidade - Rio Helicopters","og_description":"Quem somos: Somos uma empresa de turismo, regulamentada sob o CNPJ&nbsp;17.224.381\/0001-95 que atua na opera\u00e7\u00e3o de vendas de passeios de Helic\u00f3pteros. O endere\u00e7o do nosso site \u00e9: https:\/\/riohelicopters.com Quais dados pessoais coletamos e porque: A sua privacidade \u00e9 importante para n\u00f3s. \u00c9 pol\u00edtica do Rio Helicopters respeitar a sua privacidade em rela\u00e7\u00e3o a qualquer informa\u00e7\u00e3o [&hellip;]","og_url":"https:\/\/riohelicopters.com\/en\/wp-json\/wp\/v2\/pages\/2529","og_site_name":"Rio Helicopters","article_modified_time":"2024-10-29T23:25:46+00:00","twitter_card":"summary_large_image","twitter_misc":{"Est. reading time":"8 minutes"},"schema":{"@context":"https:\/\/schema.org","@graph":[{"@type":"WebPage","@id":"https:\/\/riohelicopters.com\/politicas-de-privacidade\/","url":"https:\/\/riohelicopters.com\/politicas-de-privacidade\/","name":"Pol\u00edticas de Privacidade - Rio Helicopters","isPartOf":{"@id":"https:\/\/riohelicopters.com\/#website"},"datePublished":"2024-10-29T23:17:24+00:00","dateModified":"2024-10-29T23:25:46+00:00","breadcrumb":{"@id":"https:\/\/riohelicopters.com\/politicas-de-privacidade\/#breadcrumb"},"inLanguage":"en-US","potentialAction":[{"@type":"ReadAction","target":["https:\/\/riohelicopters.com\/politicas-de-privacidade\/"]}]},{"@type":"BreadcrumbList","@id":"https:\/\/riohelicopters.com\/politicas-de-privacidade\/#breadcrumb","itemListElement":[{"@type":"ListItem","position":1,"name":"In\u00edcio","item":"https:\/\/riohelicopters.com\/"},{"@type":"ListItem","position":2,"name":"Pol\u00edticas de Privacidade"}]},{"@type":"WebSite","@id":"https:\/\/riohelicopters.com\/#website","url":"https:\/\/riohelicopters.com\/","name":"Rio Helicopters","description":"Passeios de helic\u00f3ptero no Rio de Janeiro","potentialAction":[{"@type":"SearchAction","target":{"@type":"EntryPoint","urlTemplate":"https:\/\/riohelicopters.com\/?s={search_term_string}"},"query-input":{"@type":"PropertyValueSpecification","valueRequired":true,"valueName":"search_term_string"}}],"inLanguage":"en-US"}]}},"_links":{"self":[{"href":"https:\/\/riohelicopters.com\/en\/wp-json\/wp\/v2\/pages\/2529"}],"collection":[{"href":"https:\/\/riohelicopters.com\/en\/wp-json\/wp\/v2\/pages"}],"about":[{"href":"https:\/\/riohelicopters.com\/en\/wp-json\/wp\/v2\/types\/page"}],"author":[{"embeddable":true,"href":"https:\/\/riohelicopters.com\/en\/wp-json\/wp\/v2\/users\/2"}],"replies":[{"embeddable":true,"href":"https:\/\/riohelicopters.com\/en\/wp-json\/wp\/v2\/comments?post=2529"}],"version-history":[{"count":5,"href":"https:\/\/riohelicopters.com\/en\/wp-json\/wp\/v2\/pages\/2529\/revisions"}],"predecessor-version":[{"id":2539,"href":"https:\/\/riohelicopters.com\/en\/wp-json\/wp\/v2\/pages\/2529\/revisions\/2539"}],"wp:attachment":[{"href":"https:\/\/riohelicopters.com\/en\/wp-json\/wp\/v2\/media?parent=2529"}],"curies":[{"name":"wp","href":"https:\/\/api.w.org\/{rel}","templated":true}]}}