{"id":45,"date":"2024-07-22T11:02:35","date_gmt":"2024-07-22T14:02:35","guid":{"rendered":"https:\/\/riohelicopters.com\/?page_id=45"},"modified":"2025-07-12T09:37:38","modified_gmt":"2025-07-12T12:37:38","slug":"duvidas","status":"publish","type":"page","link":"https:\/\/riohelicopters.com\/en\/duvidas\/","title":{"rendered":"FAQ"},"content":{"rendered":"<p>[et_pb_section fb_built=&#8221;1&#8243; admin_label=&#8221;Se\u00e7\u00e3o&#8221; _builder_version=&#8221;4.27.0&#8243; _module_preset=&#8221;default&#8221; background_color=&#8221;RGBA(255,255,255,0)&#8221; custom_margin=&#8221;||||false|false&#8221; custom_padding=&#8221;170px||||false|false&#8221; da_disable_devices=&#8221;off|off|off&#8221; locked=&#8221;off&#8221; global_colors_info=&#8221;{}&#8221; da_is_popup=&#8221;off&#8221; da_exit_intent=&#8221;off&#8221; da_has_close=&#8221;on&#8221; da_alt_close=&#8221;off&#8221; da_dark_close=&#8221;off&#8221; da_not_modal=&#8221;on&#8221; da_is_singular=&#8221;off&#8221; da_with_loader=&#8221;off&#8221; da_has_shadow=&#8221;on&#8221;][et_pb_row column_structure=&#8221;1_2,1_2&#8243; make_equal=&#8221;on&#8221; _builder_version=&#8221;4.27.0&#8243; _module_preset=&#8221;default&#8221; global_colors_info=&#8221;{}&#8221;][et_pb_column type=&#8221;1_2&#8243; _builder_version=&#8221;4.27.0&#8243; _module_preset=&#8221;default&#8221; global_colors_info=&#8221;{}&#8221;][et_pb_text _builder_version=&#8221;4.27.0&#8243; _module_preset=&#8221;default&#8221; text_font=&#8221;&#8211;et_global_body_font|500|||||||&#8221; text_text_color=&#8221;#FFFFFF&#8221; text_font_size=&#8221;20px&#8221; header_font=&#8221;&#8211;et_global_body_font|500|||||||&#8221; header_text_color=&#8221;#FFFFFF&#8221; header_font_size=&#8221;70px&#8221; custom_margin=&#8221;0px||||false|false&#8221; custom_padding=&#8221;0px||||false|false&#8221; header_font_size_tablet=&#8221;70px&#8221; header_font_size_phone=&#8221;40px&#8221; header_font_size_last_edited=&#8221;on|phone&#8221; locked=&#8221;off&#8221; global_colors_info=&#8221;{}&#8221;]<\/p>\n<h1>How is this experience with us?<\/h1>\n<p>[\/et_pb_text][et_pb_text _builder_version=&#8221;4.27.0&#8243; _module_preset=&#8221;default&#8221; text_font=&#8221;||||||||&#8221; text_text_color=&#8221;#dfdfdf&#8221; text_font_size=&#8221;18px&#8221; text_line_height=&#8221;25px&#8221; locked=&#8221;off&#8221; global_colors_info=&#8221;{}&#8221;]<\/p>\n<p>You have found the best option in Rio!<\/p>\n<p>We take you to see one of the 7 Wonders of the World and much more! We have several flight options lasting from 18 to 50 minutes, with departures every day.<\/p>\n<p>A helicopter tour with Rio Helicopters offers an exhilarating experience like no other! From the adrenaline rush of take-off to the stunning aerial views of the city of Rio de Janeiro, you will be amazed.<\/p>\n<p>Safety is our priority, we only work with licenseded aircrafts that undergo daily maintenance. We offer a VIP lounge for your comfort until boarding time.<\/p>\n<p>We make reservations without deposit and you can cancel free of charge.<\/p>\n<p>[\/et_pb_text][\/et_pb_column][et_pb_column type=&#8221;1_2&#8243; _builder_version=&#8221;4.27.0&#8243; _module_preset=&#8221;default&#8221; custom_css_free_form=&#8221;selector {||  display: flex;||  flex-direction: column;||  justify-content: center;||}&#8221; global_colors_info=&#8221;{}&#8221;][et_pb_image src=&#8221;https:\/\/riohelicopters.com\/wp-content\/uploads\/2024\/09\/Frame-18.png&#8221; title_text=&#8221;Frame 18&#8243; align=&#8221;center&#8221; _builder_version=&#8221;4.27.0&#8243; _module_preset=&#8221;default&#8221; max_width=&#8221;600px&#8221; global_colors_info=&#8221;{}&#8221;][\/et_pb_image][\/et_pb_column][\/et_pb_row][\/et_pb_section][et_pb_section fb_built=&#8221;1&#8243; _builder_version=&#8221;4.27.0&#8243; _module_preset=&#8221;default&#8221; background_color=&#8221;RGBA(255,255,255,0)&#8221; custom_padding=&#8221;0px||||false|false&#8221; da_disable_devices=&#8221;off|off|off&#8221; global_colors_info=&#8221;{}&#8221; da_is_popup=&#8221;off&#8221; da_exit_intent=&#8221;off&#8221; da_has_close=&#8221;on&#8221; da_alt_close=&#8221;off&#8221; da_dark_close=&#8221;off&#8221; da_not_modal=&#8221;on&#8221; da_is_singular=&#8221;off&#8221; da_with_loader=&#8221;off&#8221; da_has_shadow=&#8221;on&#8221;][et_pb_row _builder_version=&#8221;4.27.0&#8243; _module_preset=&#8221;default&#8221; custom_margin=&#8221;||60px||false|false&#8221; custom_margin_tablet=&#8221;||60px||false|false&#8221; custom_margin_phone=&#8221;||0px||false|false&#8221; custom_margin_last_edited=&#8221;on|phone&#8221; global_colors_info=&#8221;{}&#8221;][et_pb_column type=&#8221;4_4&#8243; _builder_version=&#8221;4.27.0&#8243; _module_preset=&#8221;default&#8221; global_colors_info=&#8221;{}&#8221;][et_pb_text _builder_version=&#8221;4.27.0&#8243; _module_preset=&#8221;default&#8221; header_2_font=&#8221;&#8211;et_global_heading_font|800||on|||||&#8221; header_2_text_color=&#8221;#FFFFFF&#8221; header_2_font_size=&#8221;55px&#8221; header_2_letter_spacing=&#8221;-0.95px&#8221; header_2_line_height=&#8221;0.6em&#8221; header_4_font=&#8221;&#8211;et_global_heading_font|500|||||||&#8221; header_4_text_color=&#8221;#FFFFFF&#8221; header_4_font_size=&#8221;20px&#8221; header_4_letter_spacing=&#8221;-0.95px&#8221; text_orientation=&#8221;center&#8221; header_2_font_size_tablet=&#8221;55px&#8221; header_2_font_size_phone=&#8221;30px&#8221; header_2_font_size_last_edited=&#8221;on|phone&#8221; header_4_font_size_tablet=&#8221;20px&#8221; header_4_font_size_phone=&#8221;18px&#8221; header_4_font_size_last_edited=&#8221;on|phone&#8221; custom_css_free_form=&#8221;selector h4 {||  font-weight: 400;||}||selector:before {||  content: %22QUESTION%22;||  position: absolute;||  font-size: 163.33px;||  width: 100%;||  top: 0.2em;||  left: 0;||  text-transform: uppercase;||  font-weight: 800;||  color: rgb(75,75,75,20%);||}||||@media (max-width: 981px) {||  selector:before {||  font-size:60px;||  }}||&#8221; locked=&#8221;off&#8221; global_colors_info=&#8221;{}&#8221;]<\/p>\n<h4>Everything you<\/h4>\n<h2>WANT TO KNOW<\/h2>\n<p>[\/et_pb_text][\/et_pb_column][\/et_pb_row][et_pb_row column_structure=&#8221;1_2,1_2&#8243; _builder_version=&#8221;4.27.0&#8243; _module_preset=&#8221;default&#8221; global_colors_info=&#8221;{}&#8221;][et_pb_column type=&#8221;1_2&#8243; _builder_version=&#8221;4.27.0&#8243; _module_preset=&#8221;default&#8221; global_colors_info=&#8221;{}&#8221;][et_pb_accordion open_toggle_text_color=&#8221;#000000&#8243; open_toggle_background_color=&#8221;RGBA(255,255,255,0)&#8221; closed_toggle_background_color=&#8221;RGBA(255,255,255,0)&#8221; toggle_icon=&#8221;&#x35;||divi||400&#8243; icon_color=&#8221;gcid-d7d269ab-9c54-4476-b47a-3cdcd367f3dc&#8221; use_icon_font_size=&#8221;on&#8221; icon_font_size=&#8221;40px&#8221; _builder_version=&#8221;4.27.0&#8243; _module_preset=&#8221;default&#8221; toggle_text_color=&#8221;#000000&#8243; toggle_font=&#8221;&#8211;et_global_heading_font|500|||||||&#8221; toggle_font_size=&#8221;15px&#8221; custom_margin=&#8221;||||false|false&#8221; border_radii=&#8221;on|20px|20px|20px|20px&#8221; border_color_all=&#8221;gcid-ff935773-fa00-4627-b36d-55009d0df60c&#8221; global_colors_info=&#8221;{%22gcid-d7d269ab-9c54-4476-b47a-3cdcd367f3dc%22:%91%22icon_color%22%93,%22gcid-ff935773-fa00-4627-b36d-55009d0df60c%22:%91%22border_color_all%22%93}&#8221;][et_pb_accordion_item title=&#8221;Vou dividir o helic\u00f3ptero com outras pessoas?&#8221; open=&#8221;on&#8221; _builder_version=&#8221;4.27.0&#8243; _module_preset=&#8221;default&#8221; global_colors_info=&#8221;{}&#8221;]<\/p>\n<p>Only if you request to share. Otherwise the flight will be private, with the people of your reservation.<\/p>\n<p>&nbsp;<\/p>\n<p>[\/et_pb_accordion_item][et_pb_accordion_item title=&#8221;Quantas pessoas por helic\u00f3ptero?&#8221; _builder_version=&#8221;4.27.0&#8243; _module_preset=&#8221;default&#8221; global_colors_info=&#8221;{}&#8221; open=&#8221;off&#8221;]<\/p>\n<p>Rio Helicopters works with different aircrafts of different sizes, the most used aircraft being R44 and Jet Ranger, with capacity for 3 or 4 passengers respectively.<\/p>\n<p>&nbsp;<\/p>\n<p>[\/et_pb_accordion_item][et_pb_accordion_item title=&#8221;Posso escolher sentar na frente ou na janela?&#8221; _builder_version=&#8221;4.27.0&#8243; _module_preset=&#8221;default&#8221; global_colors_info=&#8221;{}&#8221; open=&#8221;off&#8221;]<\/p>\n<p>On private flights, you can usually choose your seats. However, for safety reasons and better aircraft balance, the Pilot in command may request a change on the seating arrangements. On shared flights, the seats will be defined according  the weight of each person and the type helicopter being used.<\/p>\n<p>&nbsp;<\/p>\n<p>[\/et_pb_accordion_item][et_pb_accordion_item title=&#8221;A Rio Helicopters segue todas as regras de seguran\u00e7a?&#8221; _builder_version=&#8221;4.27.0&#8243; _module_preset=&#8221;default&#8221; global_colors_info=&#8221;{}&#8221; open=&#8221;off&#8221;]<\/p>\n<p>Yes! Our air operations meet all the National Civil Aviation Agency (ANAC) requirements. We follow all aircraft maintenance and crew training rules. Our team is totally focused on the safety and satisfaction of our customers.<\/p>\n<p>&nbsp;<\/p>\n<p>[\/et_pb_accordion_item][et_pb_accordion_item title=&#8221;Qual o limite de peso para voar?&#8221; _builder_version=&#8221;4.27.0&#8243; _module_preset=&#8221;default&#8221; global_colors_info=&#8221;{}&#8221; open=&#8221;off&#8221;]<\/p>\n<p>The limit is on average 120 kilos per seat, depending on the aircraft used and the total weight of all passengers.<\/p>\n<p>&nbsp;<\/p>\n<p>[\/et_pb_accordion_item][et_pb_accordion_item title=&#8221;Crian\u00e7as e gr\u00e1vidas podem voar?&#8221; _builder_version=&#8221;4.27.0&#8243; _module_preset=&#8221;default&#8221; global_colors_info=&#8221;{}&#8221; open=&#8221;off&#8221;]<\/p>\n<p>yes, children up to 2 years old don\u2019t pay and will travel on someone\u2019s lap, as long as they keep the weight limit per seat of 120 kilos. 1 lap child per flight is allowed. Children over 2 years old cannot go on the lap and occupy a seat. Normally there are no contraindications for pregnant women to do a helicopter flight, but we always recommend checking with your doctor first.<\/p>\n<p>&nbsp;<\/p>\n<p>[\/et_pb_accordion_item][et_pb_accordion_item title=&#8221;Quanto tempo antes do voo devo chegar?&#8221; _builder_version=&#8221;4.27.0&#8243; _module_preset=&#8221;default&#8221; global_colors_info=&#8221;{}&#8221; open=&#8221;off&#8221;]<\/p>\n<p>We ask that you to arrive 30 mins before take-off, for payment and check in before the flight.\u00a0<\/p>\n<p>&nbsp;<\/p>\n<p>[\/et_pb_accordion_item][\/et_pb_accordion][\/et_pb_column][et_pb_column type=&#8221;1_2&#8243; _builder_version=&#8221;4.27.0&#8243; _module_preset=&#8221;default&#8221; global_colors_info=&#8221;{}&#8221;][et_pb_accordion open_toggle_text_color=&#8221;#000000&#8243; open_toggle_background_color=&#8221;RGBA(255,255,255,0)&#8221; closed_toggle_background_color=&#8221;RGBA(255,255,255,0)&#8221; toggle_icon=&#8221;&#x35;||divi||400&#8243; icon_color=&#8221;gcid-d7d269ab-9c54-4476-b47a-3cdcd367f3dc&#8221; use_icon_font_size=&#8221;on&#8221; icon_font_size=&#8221;40px&#8221; _builder_version=&#8221;4.27.0&#8243; _module_preset=&#8221;default&#8221; toggle_text_color=&#8221;#000000&#8243; toggle_font=&#8221;&#8211;et_global_heading_font|500|||||||&#8221; toggle_font_size=&#8221;15px&#8221; custom_margin=&#8221;||||false|false&#8221; border_radii=&#8221;on|20px|20px|20px|20px&#8221; border_color_all=&#8221;gcid-ff935773-fa00-4627-b36d-55009d0df60c&#8221; global_colors_info=&#8221;{%22gcid-d7d269ab-9c54-4476-b47a-3cdcd367f3dc%22:%91%22icon_color%22%93,%22gcid-ff935773-fa00-4627-b36d-55009d0df60c%22:%91%22border_color_all%22%93}&#8221;][et_pb_accordion_item title=&#8221;O que acontece se eu me atrasar ou quiser cancelar meu voo?&#8221; open=&#8221;on&#8221; _builder_version=&#8221;4.27.0&#8243; _module_preset=&#8221;default&#8221; global_colors_info=&#8221;{}&#8221;]<\/p>\n<p>In the event of a delayed arrival, your flight will be rescheduled according to availability, with no guarantee that it will take place on the same day.\u00a0<\/p>\n<p>We ask that you notify us as soon as possible in the event of a cancellation to avoid a NO SHOW.<\/p>\n<p>[\/et_pb_accordion_item][et_pb_accordion_item title=&#8221;Tenho que apresentar documentos para voar?&#8221; _builder_version=&#8221;4.27.0&#8243; _module_preset=&#8221;default&#8221; global_colors_info=&#8221;{}&#8221; open=&#8221;off&#8221;]<\/p>\n<p>Yes, you must take an ID with photo (photocopy or from cell phone).<\/p>\n<p>&nbsp;<\/p>\n<p>[\/et_pb_accordion_item][et_pb_accordion_item title=&#8221;Posso usar o celular durante o voo?&#8221; _builder_version=&#8221;4.27.0&#8243; _module_preset=&#8221;default&#8221; global_colors_info=&#8221;{}&#8221; open=&#8221;off&#8221;]<\/p>\n<p>No problem, you will have signal fluctuations, but you can use your cell phone for posts, calls, photos and videos.<\/p>\n<p>&nbsp;<\/p>\n<p>[\/et_pb_accordion_item][et_pb_accordion_item title=&#8221;Qual o local de encontro e fornecem transporte?&#8221; _builder_version=&#8221;4.27.0&#8243; _module_preset=&#8221;default&#8221; global_colors_info=&#8221;{}&#8221; open=&#8221;off&#8221;]<\/p>\n<p>We have 2 take-off locations: Olympic Golf Course and Jacarepagu\u00e1 Airport, both in Barra da Tijuca. Please check your booking confirmation to know your take-off location.<\/p>\n<p>Rio Helicopters offers a car &amp; driver service at an extra cost and subject to availability. You can request it via the website or WhatsApp.<\/p>\n<p>&nbsp;<\/p>\n<p>[\/et_pb_accordion_item][et_pb_accordion_item title=&#8221;O que acontece no caso de mau tempo?&#8221; _builder_version=&#8221;4.27.0&#8243; _module_preset=&#8221;default&#8221; global_colors_info=&#8221;{}&#8221; open=&#8221;off&#8221;]<\/p>\n<p>If the weather is not as you wish for your flight and you prefer to reschedule, please contact us to asap. But if the weather conditions are so bad and take-off is not recommended, then our own team will contact you to reschedule.<\/p>\n<p>&nbsp;<\/p>\n<p>[\/et_pb_accordion_item][et_pb_accordion_item title=&#8221;Se o meu voo \u00e9 privativo, posso mudar a rota?&#8221; _builder_version=&#8221;4.27.0&#8243; _module_preset=&#8221;default&#8221; global_colors_info=&#8221;{}&#8221; open=&#8221;off&#8221;]<\/p>\n<p>The route of the scenic flights cannot be changed, but you can request a personalised route and we will analise it.<\/p>\n<p>&nbsp;<\/p>\n<p>[\/et_pb_accordion_item][et_pb_accordion_item title=&#8221;Eu tenho medo, ser\u00e1 que vou conseguir voar?&#8221; _builder_version=&#8221;4.27.0&#8243; _module_preset=&#8221;default&#8221; global_colors_info=&#8221;{}&#8221; open=&#8221;off&#8221;]<\/p>\n<p>We understand your concern and we want to help you to have this incredible experience! We plan our flight so to make smoother manoeuvres and our pilots are very well trained and prepared to help in these situations. To further assist you, you can use our headphones with a microphone to communicate with the pilot and your flight companions.<\/p>\n<p>&nbsp;<\/p>\n<p>[\/et_pb_accordion_item][\/et_pb_accordion][\/et_pb_column][\/et_pb_row][\/et_pb_section]<\/p>","protected":false},"excerpt":{"rendered":"<p>Como \u00e9 o nosso passeio?Voc\u00ea encontrou a melhor op\u00e7\u00e3o do Rio! Te levamos para ver uma das 7 Maravilhas do Mundo e muito mais! Temos v\u00e1rias op\u00e7\u00f5es de voos com dura\u00e7\u00e3o de 18 a 50 mins, e decolagens todos os dias. O passeio de helic\u00f3ptero com a Rio Helicopters oferece uma experi\u00eancia emocionante como nenhuma [&hellip;]<\/p>","protected":false},"author":2,"featured_media":0,"parent":0,"menu_order":8,"comment_status":"closed","ping_status":"closed","template":"","meta":{"_acf_changed":false,"_et_pb_use_builder":"on","_et_pb_old_content":"<!-- wp:divi\/placeholder \/-->","_et_gb_content_width":"","footnotes":""},"class_list":["post-45","page","type-page","status-publish","hentry"],"acf":[],"yoast_head":"<!-- This site is optimized with the Yoast SEO plugin v23.7 - https:\/\/yoast.com\/wordpress\/plugins\/seo\/ -->\n<title>D\u00favidas - Rio Helicopters<\/title>\n<meta name=\"robots\" content=\"index, follow, max-snippet:-1, max-image-preview:large, max-video-preview:-1\" \/>\n<link rel=\"canonical\" href=\"https:\/\/riohelicopters.com\/en\/duvidas\/\" \/>\n<meta property=\"og:locale\" content=\"en_US\" \/>\n<meta property=\"og:type\" content=\"article\" \/>\n<meta property=\"og:title\" content=\"D\u00favidas - Rio Helicopters\" \/>\n<meta property=\"og:description\" content=\"Como \u00e9 o nosso passeio?Voc\u00ea encontrou a melhor op\u00e7\u00e3o do Rio! Te levamos para ver uma das 7 Maravilhas do Mundo e muito mais! Temos v\u00e1rias op\u00e7\u00f5es de voos com dura\u00e7\u00e3o de 18 a 50 mins, e decolagens todos os dias. O passeio de helic\u00f3ptero com a Rio Helicopters oferece uma experi\u00eancia emocionante como nenhuma [&hellip;]\" \/>\n<meta property=\"og:url\" content=\"https:\/\/riohelicopters.com\/en\/wp-json\/wp\/v2\/pages\/45\" \/>\n<meta property=\"og:site_name\" content=\"Rio Helicopters\" \/>\n<meta property=\"article:modified_time\" content=\"2025-07-12T12:37:38+00:00\" \/>\n<meta name=\"twitter:card\" content=\"summary_large_image\" \/>\n<meta name=\"twitter:label1\" content=\"Est. reading time\" \/>\n\t<meta name=\"twitter:data1\" content=\"9 minutes\" \/>\n<script type=\"application\/ld+json\" class=\"yoast-schema-graph\">{\"@context\":\"https:\/\/schema.org\",\"@graph\":[{\"@type\":\"WebPage\",\"@id\":\"https:\/\/riohelicopters.com\/duvidas\/\",\"url\":\"https:\/\/riohelicopters.com\/duvidas\/\",\"name\":\"D\u00favidas - Rio Helicopters\",\"isPartOf\":{\"@id\":\"https:\/\/riohelicopters.com\/#website\"},\"datePublished\":\"2024-07-22T14:02:35+00:00\",\"dateModified\":\"2025-07-12T12:37:38+00:00\",\"breadcrumb\":{\"@id\":\"https:\/\/riohelicopters.com\/duvidas\/#breadcrumb\"},\"inLanguage\":\"en-US\",\"potentialAction\":[{\"@type\":\"ReadAction\",\"target\":[\"https:\/\/riohelicopters.com\/duvidas\/\"]}]},{\"@type\":\"BreadcrumbList\",\"@id\":\"https:\/\/riohelicopters.com\/duvidas\/#breadcrumb\",\"itemListElement\":[{\"@type\":\"ListItem\",\"position\":1,\"name\":\"In\u00edcio\",\"item\":\"https:\/\/riohelicopters.com\/\"},{\"@type\":\"ListItem\",\"position\":2,\"name\":\"D\u00favidas\"}]},{\"@type\":\"WebSite\",\"@id\":\"https:\/\/riohelicopters.com\/#website\",\"url\":\"https:\/\/riohelicopters.com\/\",\"name\":\"Rio Helicopters\",\"description\":\"Passeios de helic\u00f3ptero no Rio de Janeiro\",\"potentialAction\":[{\"@type\":\"SearchAction\",\"target\":{\"@type\":\"EntryPoint\",\"urlTemplate\":\"https:\/\/riohelicopters.com\/?s={search_term_string}\"},\"query-input\":{\"@type\":\"PropertyValueSpecification\",\"valueRequired\":true,\"valueName\":\"search_term_string\"}}],\"inLanguage\":\"en-US\"}]}<\/script>\n<!-- \/ Yoast SEO plugin. -->","yoast_head_json":{"title":"D\u00favidas - Rio Helicopters","robots":{"index":"index","follow":"follow","max-snippet":"max-snippet:-1","max-image-preview":"max-image-preview:large","max-video-preview":"max-video-preview:-1"},"canonical":"https:\/\/riohelicopters.com\/en\/duvidas\/","og_locale":"en_US","og_type":"article","og_title":"D\u00favidas - Rio Helicopters","og_description":"Como \u00e9 o nosso passeio?Voc\u00ea encontrou a melhor op\u00e7\u00e3o do Rio! Te levamos para ver uma das 7 Maravilhas do Mundo e muito mais! Temos v\u00e1rias op\u00e7\u00f5es de voos com dura\u00e7\u00e3o de 18 a 50 mins, e decolagens todos os dias. O passeio de helic\u00f3ptero com a Rio Helicopters oferece uma experi\u00eancia emocionante como nenhuma [&hellip;]","og_url":"https:\/\/riohelicopters.com\/en\/wp-json\/wp\/v2\/pages\/45","og_site_name":"Rio Helicopters","article_modified_time":"2025-07-12T12:37:38+00:00","twitter_card":"summary_large_image","twitter_misc":{"Est. reading time":"9 minutes"},"schema":{"@context":"https:\/\/schema.org","@graph":[{"@type":"WebPage","@id":"https:\/\/riohelicopters.com\/duvidas\/","url":"https:\/\/riohelicopters.com\/duvidas\/","name":"D\u00favidas - Rio Helicopters","isPartOf":{"@id":"https:\/\/riohelicopters.com\/#website"},"datePublished":"2024-07-22T14:02:35+00:00","dateModified":"2025-07-12T12:37:38+00:00","breadcrumb":{"@id":"https:\/\/riohelicopters.com\/duvidas\/#breadcrumb"},"inLanguage":"en-US","potentialAction":[{"@type":"ReadAction","target":["https:\/\/riohelicopters.com\/duvidas\/"]}]},{"@type":"BreadcrumbList","@id":"https:\/\/riohelicopters.com\/duvidas\/#breadcrumb","itemListElement":[{"@type":"ListItem","position":1,"name":"In\u00edcio","item":"https:\/\/riohelicopters.com\/"},{"@type":"ListItem","position":2,"name":"D\u00favidas"}]},{"@type":"WebSite","@id":"https:\/\/riohelicopters.com\/#website","url":"https:\/\/riohelicopters.com\/","name":"Rio Helicopters","description":"Passeios de helic\u00f3ptero no Rio de Janeiro","potentialAction":[{"@type":"SearchAction","target":{"@type":"EntryPoint","urlTemplate":"https:\/\/riohelicopters.com\/?s={search_term_string}"},"query-input":{"@type":"PropertyValueSpecification","valueRequired":true,"valueName":"search_term_string"}}],"inLanguage":"en-US"}]}},"_links":{"self":[{"href":"https:\/\/riohelicopters.com\/en\/wp-json\/wp\/v2\/pages\/45"}],"collection":[{"href":"https:\/\/riohelicopters.com\/en\/wp-json\/wp\/v2\/pages"}],"about":[{"href":"https:\/\/riohelicopters.com\/en\/wp-json\/wp\/v2\/types\/page"}],"author":[{"embeddable":true,"href":"https:\/\/riohelicopters.com\/en\/wp-json\/wp\/v2\/users\/2"}],"replies":[{"embeddable":true,"href":"https:\/\/riohelicopters.com\/en\/wp-json\/wp\/v2\/comments?post=45"}],"version-history":[{"count":55,"href":"https:\/\/riohelicopters.com\/en\/wp-json\/wp\/v2\/pages\/45\/revisions"}],"predecessor-version":[{"id":4051,"href":"https:\/\/riohelicopters.com\/en\/wp-json\/wp\/v2\/pages\/45\/revisions\/4051"}],"wp:attachment":[{"href":"https:\/\/riohelicopters.com\/en\/wp-json\/wp\/v2\/media?parent=45"}],"curies":[{"name":"wp","href":"https:\/\/api.w.org\/{rel}","templated":true}]}}