{"id":43,"date":"2024-07-22T11:02:27","date_gmt":"2024-07-22T14:02:27","guid":{"rendered":"https:\/\/riohelicopters.com\/?page_id=43"},"modified":"2024-10-07T11:55:55","modified_gmt":"2024-10-07T14:55:55","slug":"sobre-nos","status":"publish","type":"page","link":"https:\/\/riohelicopters.com\/es\/sobre-nos\/","title":{"rendered":"Nosotros"},"content":{"rendered":"<p>[et_pb_section fb_built=&#8221;1&#8243; admin_label=&#8221;Se\u00e7\u00e3o&#8221; _builder_version=&#8221;4.27.0&#8243; _module_preset=&#8221;default&#8221; background_enable_color=&#8221;off&#8221; use_background_color_gradient=&#8221;on&#8221; background_color_gradient_stops=&#8221;gcid-14ad5737-91b9-4315-99af-e3ab801edf8f 0%|gcid-cc4b7ed8-4151-47ad-bd79-18265dc0f975 100%&#8221; custom_margin=&#8221;||||false|false&#8221; custom_padding=&#8221;170px||||false|false&#8221; da_disable_devices=&#8221;off|off|off&#8221; locked=&#8221;off&#8221; global_colors_info=&#8221;{%22gcid-14ad5737-91b9-4315-99af-e3ab801edf8f%22:%91%22background_color_gradient_stops%22%93,%22gcid-cc4b7ed8-4151-47ad-bd79-18265dc0f975%22:%91%22background_color_gradient_stops%22%93}&#8221; da_is_popup=&#8221;off&#8221; da_exit_intent=&#8221;off&#8221; da_has_close=&#8221;on&#8221; da_alt_close=&#8221;off&#8221; da_dark_close=&#8221;off&#8221; da_not_modal=&#8221;on&#8221; da_is_singular=&#8221;off&#8221; da_with_loader=&#8221;off&#8221; da_has_shadow=&#8221;on&#8221;][et_pb_row _builder_version=&#8221;4.27.0&#8243; _module_preset=&#8221;default&#8221; global_colors_info=&#8221;{}&#8221;][et_pb_column type=&#8221;4_4&#8243; _builder_version=&#8221;4.27.0&#8243; _module_preset=&#8221;default&#8221; global_colors_info=&#8221;{}&#8221;][et_pb_text _builder_version=&#8221;4.27.0&#8243; _module_preset=&#8221;default&#8221; header_2_font=&#8221;&#8211;et_global_heading_font|800||on|||||&#8221; header_2_text_color=&#8221;#FFFFFF&#8221; header_2_font_size=&#8221;55px&#8221; header_2_letter_spacing=&#8221;-0.95px&#8221; header_2_line_height=&#8221;0.6em&#8221; header_4_font=&#8221;&#8211;et_global_heading_font|500|||||||&#8221; header_4_text_color=&#8221;#FFFFFF&#8221; header_4_font_size=&#8221;20px&#8221; header_4_letter_spacing=&#8221;-0.95px&#8221; header_2_font_size_tablet=&#8221;55px&#8221; header_2_font_size_phone=&#8221;40px&#8221; header_2_font_size_last_edited=&#8221;on|phone&#8221; header_4_font_size_tablet=&#8221;20px&#8221; header_4_font_size_phone=&#8221;18px&#8221; header_4_font_size_last_edited=&#8221;on|phone&#8221; custom_css_free_form=&#8221;selector h4 {||  font-weight: 400;||}||selector:before {||  content: %22trust%22;||  position: absolute;||  font-size: 163.33px;||  width: 100%;||  top: 0.2em;||  left: 0;||  text-transform: uppercase;||  font-weight: 800;||  color: #7878784f;||}||||@media (max-width: 981px) {||  selector:before {||  font-size: 90px;||}||}&#8221; locked=&#8221;off&#8221; global_colors_info=&#8221;{}&#8221;]<\/p>\n<h4>Lo que necesitas saber<\/h4>\n<h2>Sobre nosotros<\/h2>\n<p>[\/et_pb_text][et_pb_text _builder_version=&#8221;4.27.0&#8243; _module_preset=&#8221;default&#8221; text_text_color=&#8221;#FFFFFF&#8221; text_font_size=&#8221;18px&#8221; text_line_height=&#8221;25px&#8221; locked=&#8221;off&#8221; global_colors_info=&#8221;{}&#8221;]<\/p>\n<p>Rio Helicopters es una agencia especializada en vuelos panor\u00e1micos, que surgi\u00f3 de la pasi\u00f3n por R\u00edo de Janeiro y por volar. Enfocados en brindar la mejor experiencia posible de principio a fin, Rio Helicopters fue fundado por un piloto comercial italiano y su esposa, trabajando juntos en aviaci\u00f3n y turismo en R\u00edo de Janeiro desde 2001.<\/p>\n<p><strong>Reservar un vuelo con Rio Helicopters es muy seguro.<\/strong><\/p>\n<p>Nuestra misi\u00f3n es garantizarte una experiencia de vuelo segura y completa.<\/p>\n<p>Nuestras operaciones a\u00e9reas cumplen con todos los requisitos de la Agencia Nacional de Aviaci\u00f3n Civil (ANAC), que regula y supervisa las actividades de aviaci\u00f3n civil y la infraestructura aeron\u00e1utica y aeroportuaria en Brasil.<\/p>\n<p>Todos los vuelos est\u00e1n planificados con mucho cuidado y atenci\u00f3n para brindar un momento \u00fanico y seguro. Contamos con una estructura operativa para el seguimiento de reservas y vuelos, as\u00ed como el mantenimiento diario de las aeronaves, pilotos experimentados y una estructura operativa espacial.<\/p>\n<p>[\/et_pb_text][\/et_pb_column][\/et_pb_row][et_pb_row column_structure=&#8221;1_2,1_2&#8243; use_custom_gutter=&#8221;on&#8221; gutter_width=&#8221;2&#8243; make_equal=&#8221;on&#8221; _builder_version=&#8221;4.27.0&#8243; _module_preset=&#8221;default&#8221; min_height=&#8221;440px&#8221; custom_css_free_form=&#8221;selector .et_pb_column {||  display: flex;||  flex-direction: column;||  justify-content: flex-start;||  min-height: 440px;||  padding: 197px 58px 35px 93px;||}||@media (max-width: 981px) {||  selector .et_pb_column {||  padding: 60px 40px;||    justify-content: center;||}||}||&#8221; global_colors_info=&#8221;{}&#8221;][et_pb_column type=&#8221;1_2&#8243; _builder_version=&#8221;4.27.0&#8243; _module_preset=&#8221;default&#8221; use_background_color_gradient=&#8221;on&#8221; background_color_gradient_stops=&#8221;rgba(0,0,0,0) 0%|#000000 100%&#8221; background_color_gradient_overlays_image=&#8221;on&#8221; background_image=&#8221;https:\/\/riohelicopters.com\/wp-content\/uploads\/2024\/07\/bnner-2.jpg&#8221; border_radii=&#8221;on|24px|24px|24px|24px&#8221; global_colors_info=&#8221;{}&#8221;][et_pb_text ul_item_indent=&#8221;30px&#8221; _builder_version=&#8221;4.27.0&#8243; _module_preset=&#8221;default&#8221; ul_font=&#8221;&#8211;et_global_body_font||||||||&#8221; ul_text_color=&#8221;#FFFFFF&#8221; ul_font_size=&#8221;18px&#8221; header_3_font=&#8221;&#8211;et_global_heading_font|700|||||||&#8221; header_3_text_color=&#8221;#FFFFFF&#8221; header_3_font_size=&#8221;30px&#8221; header_3_line_height=&#8221;1.24em&#8221; global_colors_info=&#8221;{}&#8221;]<\/p>\n<h3>\u00bfPor qu\u00e9 elegir Rio Helicopters?<\/h3>\n<ul>\n<li>Proceso r\u00e1pido y sencillo - sin burocracia<\/li>\n<li>Reservas sin dep\u00f3sito<\/li>\n<li>Servicio en l\u00ednea en 5 idiomas<\/li>\n<li>Cancelaci\u00f3n gratuita<\/li>\n<\/ul>\n<p>[\/et_pb_text][\/et_pb_column][et_pb_column type=&#8221;1_2&#8243; _builder_version=&#8221;4.27.0&#8243; _module_preset=&#8221;default&#8221; use_background_color_gradient=&#8221;on&#8221; background_color_gradient_stops=&#8221;rgba(0,0,0,0) 0%|#000000 100%&#8221; background_color_gradient_overlays_image=&#8221;on&#8221; background_image=&#8221;https:\/\/riohelicopters.com\/wp-content\/uploads\/2024\/07\/bnner-1.jpg&#8221; border_radii=&#8221;on|24px|24px|24px|24px&#8221; global_colors_info=&#8221;{}&#8221;][et_pb_text ul_item_indent=&#8221;30px&#8221; _builder_version=&#8221;4.27.0&#8243; _module_preset=&#8221;default&#8221; ul_font=&#8221;&#8211;et_global_body_font||||||||&#8221; ul_text_color=&#8221;#FFFFFF&#8221; ul_font_size=&#8221;18px&#8221; header_3_font=&#8221;&#8211;et_global_heading_font|700|||||||&#8221; header_3_text_color=&#8221;#FFFFFF&#8221; header_3_font_size=&#8221;30px&#8221; header_3_line_height=&#8221;1.24em&#8221; global_colors_info=&#8221;{}&#8221;]<\/p>\n<h3>Para su comodidad, ofrecemos en el sitio:<\/h3>\n<ul>\n<li>Sala VIP con aire acondicionado<\/li>\n<li>Servicio biling\u00fce<\/li>\n<li>Zona de fumadores al aire libre<\/li>\n<li>Carro el\u00e9ctrico al helic\u00f3ptero.<\/li>\n<li>Aparcamiento<\/li>\n<\/ul>\n<p>[\/et_pb_text][\/et_pb_column][\/et_pb_row][et_pb_row _builder_version=&#8221;4.27.0&#8243; _module_preset=&#8221;default&#8221; custom_padding=&#8221;20px||20px||true|false&#8221; locked=&#8221;off&#8221; global_colors_info=&#8221;{}&#8221;][et_pb_column type=&#8221;4_4&#8243; _builder_version=&#8221;4.27.0&#8243; _module_preset=&#8221;default&#8221; global_colors_info=&#8221;{}&#8221;][et_pb_button button_url=&#8221;https:\/\/riohelicopters.com\/termo-e-condicoes\/&#8221; button_text=&#8221;Veja nossos Termos e Condi\u00e7\u00f5es&#8221; button_alignment=&#8221;center&#8221; _builder_version=&#8221;4.27.0&#8243; _module_preset=&#8221;default&#8221; custom_button=&#8221;on&#8221; button_text_size=&#8221;16px&#8221; button_text_color=&#8221;#000000&#8243; button_bg_color=&#8221;RGBA(255,255,255,0)&#8221; button_border_width=&#8221;2px&#8221; button_border_color=&#8221;gcid-ff935773-fa00-4627-b36d-55009d0df60c&#8221; button_border_radius=&#8221;53px&#8221; button_font=&#8221;&#8211;et_global_body_font|800|||||||&#8221; button_icon=&#8221;&#x24;||divi||400&#8243; button_on_hover=&#8221;off&#8221; custom_padding=&#8221;10px|37px|10px|20px|true|false&#8221; hover_enabled=&#8221;0&#8243; global_colors_info=&#8221;{%22gcid-ff935773-fa00-4627-b36d-55009d0df60c%22:%91%22button_border_color%22%93}&#8221; button_bg_color__hover_enabled=&#8221;on|desktop&#8221; button_bg_color__hover=&#8221;RGBA(255,255,255,0)&#8221; button_bg_enable_color__hover=&#8221;on&#8221; sticky_enabled=&#8221;0&#8243;][\/et_pb_button][\/et_pb_column][\/et_pb_row][\/et_pb_section][et_pb_section fb_built=&#8221;1&#8243; _builder_version=&#8221;4.27.0&#8243; _module_preset=&#8221;default&#8221; use_background_color_gradient=&#8221;on&#8221; background_color_gradient_stops=&#8221;rgba(0,0,0,0.45) 0%|rgba(0,0,0,0.45) 100%&#8221; background_color_gradient_overlays_image=&#8221;on&#8221; background_image=&#8221;https:\/\/riohelicopters.com\/wp-content\/uploads\/2024\/07\/bg-sobre.jpg&#8221; custom_padding=&#8221;80px||80px||true|false&#8221; da_disable_devices=&#8221;off|off|off&#8221; locked=&#8221;off&#8221; global_colors_info=&#8221;{}&#8221; da_is_popup=&#8221;off&#8221; da_exit_intent=&#8221;off&#8221; da_has_close=&#8221;on&#8221; da_alt_close=&#8221;off&#8221; da_dark_close=&#8221;off&#8221; da_not_modal=&#8221;on&#8221; da_is_singular=&#8221;off&#8221; da_with_loader=&#8221;off&#8221; da_has_shadow=&#8221;on&#8221;][et_pb_row column_structure=&#8221;1_2,1_2&#8243; _builder_version=&#8221;4.27.0&#8243; _module_preset=&#8221;default&#8221; custom_padding=&#8221;15px||15px||true|false&#8221; global_colors_info=&#8221;{}&#8221;][et_pb_column type=&#8221;1_2&#8243; _builder_version=&#8221;4.27.0&#8243; _module_preset=&#8221;default&#8221; global_colors_info=&#8221;{}&#8221;][et_pb_text _builder_version=&#8221;4.27.0&#8243; _module_preset=&#8221;default&#8221; text_font=&#8221;&#8211;et_global_body_font||||||||&#8221; text_text_color=&#8221;#FFFFFF&#8221; text_font_size=&#8221;20px&#8221; text_line_height=&#8221;26px&#8221; header_2_font=&#8221;&#8211;et_global_heading_font|700|||||||&#8221; header_2_text_align=&#8221;left&#8221; header_2_text_color=&#8221;#FFFFFF&#8221; header_2_font_size=&#8221;30px&#8221; max_width=&#8221;800px&#8221; module_alignment=&#8221;center&#8221; custom_margin=&#8221;||0px||false|false&#8221; custom_padding=&#8221;||30px||false|false&#8221; text_font_size_tablet=&#8221;20px&#8221; text_font_size_phone=&#8221;18px&#8221; text_font_size_last_edited=&#8221;on|phone&#8221; custom_css_free_form=&#8221;selector p {||  font-weight: 400;||}&#8221; global_colors_info=&#8221;{}&#8221;]<\/p>\n<h2>Estamos registrados en el Sistema Nacional de Prestadores de Servicios Tur\u00edsticos y practicamos acciones sustentables<\/h2>\n<p><strong><\/strong><\/p>\n<p><strong>Sostenibilidad<\/strong><br \/>Nos preocupamos por el futuro del planeta y practicamos acciones sostenibles con el objetivo de minimizar los impactos del d\u00eda a d\u00eda en el medio ambiente. Donamos semillas y pl\u00e1ntulas para la siembra de especies nativas del estado, as\u00ed como donaciones destinadas a la rehabilitaci\u00f3n y liberaci\u00f3n de animales silvestres impactados por peligros urbanos en la ciudad de R\u00edo de Janeiro.<\/p>\n<p><strong>Sellos<\/strong><br \/>Estamos registrados en el Sistema Nacional de Prestadores de Servicios Tur\u00edsticos (Cadastur) y hemos adquirido el sello internacional \u201cSafe Travels\u201d y el Nacional y Estatal \u201cTurismo Responsable, limpio y seguro\u201d y \u201cTurismo Consciente\u201d a trav\u00e9s de nuestro compromiso de seguir protocolos de seguridad.<\/p>\n<p>[\/et_pb_text][et_pb_image src=&#8221;https:\/\/riohelicopters.com\/wp-content\/uploads\/2024\/07\/Group-39798.png&#8221; title_text=&#8221;Group 39798&#8243; _builder_version=&#8221;4.27.0&#8243; _module_preset=&#8221;default&#8221; custom_margin=&#8221;0px|-25px|0px||true|false&#8221; custom_padding=&#8221;0px||0px||true|false&#8221; custom_css_free_form=&#8221;selector {||  float: left;||}&#8221; locked=&#8221;off&#8221; global_colors_info=&#8221;{}&#8221;][\/et_pb_image][et_pb_image src=&#8221;https:\/\/riohelicopters.com\/wp-content\/uploads\/2024\/07\/Group-39799.png&#8221; title_text=&#8221;Group 39799&#8243; _builder_version=&#8221;4.27.0&#8243; _module_preset=&#8221;default&#8221; custom_margin=&#8221;0px|-25px|0px||true|false&#8221; custom_padding=&#8221;0px||0px||true|false&#8221; custom_css_free_form=&#8221;selector {||  float: left;||}&#8221; locked=&#8221;off&#8221; global_colors_info=&#8221;{}&#8221;][\/et_pb_image][et_pb_image src=&#8221;https:\/\/riohelicopters.com\/wp-content\/uploads\/2024\/07\/Group-39800.png&#8221; title_text=&#8221;Group 39800&#8243; _builder_version=&#8221;4.27.0&#8243; _module_preset=&#8221;default&#8221; custom_margin=&#8221;0px|-25px|0px||true|false&#8221; custom_padding=&#8221;0px||0px||true|false&#8221; custom_css_free_form=&#8221;selector {||  float: left;||}&#8221; locked=&#8221;off&#8221; global_colors_info=&#8221;{}&#8221;][\/et_pb_image][et_pb_image src=&#8221;https:\/\/riohelicopters.com\/wp-content\/uploads\/2024\/07\/Group-39801.png&#8221; title_text=&#8221;Group 39801&#8243; _builder_version=&#8221;4.27.0&#8243; _module_preset=&#8221;default&#8221; custom_margin=&#8221;0px|-25px|0px||true|false&#8221; custom_padding=&#8221;0px||0px||true|false&#8221; custom_css_free_form=&#8221;selector {||  float: left;||}&#8221; locked=&#8221;off&#8221; global_colors_info=&#8221;{}&#8221;][\/et_pb_image][et_pb_image src=&#8221;https:\/\/riohelicopters.com\/wp-content\/uploads\/2024\/07\/Group-39802.png&#8221; title_text=&#8221;Group 39802&#8243; _builder_version=&#8221;4.27.0&#8243; _module_preset=&#8221;default&#8221; custom_margin=&#8221;0px|-25px|0px||true|false&#8221; custom_padding=&#8221;0px||0px||true|false&#8221; custom_css_free_form=&#8221;selector {||  float: left;||}&#8221; locked=&#8221;off&#8221; global_colors_info=&#8221;{}&#8221;][\/et_pb_image][et_pb_image src=&#8221;https:\/\/riohelicopters.com\/wp-content\/uploads\/2024\/07\/Group-39803.png&#8221; title_text=&#8221;Group 39803&#8243; _builder_version=&#8221;4.27.0&#8243; _module_preset=&#8221;default&#8221; custom_margin=&#8221;0px|-25px|0px||true|false&#8221; custom_padding=&#8221;0px||0px||true|false&#8221; custom_css_free_form=&#8221;selector {||  float: left;||}&#8221; locked=&#8221;off&#8221; global_colors_info=&#8221;{}&#8221;][\/et_pb_image][\/et_pb_column][et_pb_column type=&#8221;1_2&#8243; _builder_version=&#8221;4.27.0&#8243; _module_preset=&#8221;default&#8221; global_colors_info=&#8221;{}&#8221;][\/et_pb_column][\/et_pb_row][\/et_pb_section]<\/p>","protected":false},"excerpt":{"rendered":"<p>O que precisa saber Sobre n\u00f3sA Rio Helicopters \u00e9 uma ag\u00eancia especializada em voos panor\u00e2micos, que surgiu da paix\u00e3o pelo Rio de Janeiro e por voar. Focados em trazer a melhor experi\u00eancia poss\u00edvel do in\u00edcio ao fim, a Rio Helicopters foi fundada por um Piloto Comercial italiano e sua esposa, atuando juntos na avia\u00e7\u00e3o e [&hellip;]<\/p>","protected":false},"author":2,"featured_media":0,"parent":0,"menu_order":12,"comment_status":"closed","ping_status":"closed","template":"","meta":{"_acf_changed":false,"_et_pb_use_builder":"on","_et_pb_old_content":"<!-- wp:divi\/placeholder \/-->","_et_gb_content_width":"","footnotes":""},"class_list":["post-43","page","type-page","status-publish","hentry"],"acf":[],"yoast_head":"<!-- This site is optimized with the Yoast SEO plugin v23.7 - https:\/\/yoast.com\/wordpress\/plugins\/seo\/ -->\n<title>Sobre N\u00f3s - Rio Helicopters<\/title>\n<meta name=\"robots\" content=\"index, follow, max-snippet:-1, max-image-preview:large, max-video-preview:-1\" \/>\n<link rel=\"canonical\" href=\"https:\/\/riohelicopters.com\/es\/sobre-nos\/\" \/>\n<meta property=\"og:locale\" content=\"es_ES\" \/>\n<meta property=\"og:type\" content=\"article\" \/>\n<meta property=\"og:title\" content=\"Sobre N\u00f3s - Rio Helicopters\" \/>\n<meta property=\"og:description\" content=\"O que precisa saber Sobre n\u00f3sA Rio Helicopters \u00e9 uma ag\u00eancia especializada em voos panor\u00e2micos, que surgiu da paix\u00e3o pelo Rio de Janeiro e por voar. Focados em trazer a melhor experi\u00eancia poss\u00edvel do in\u00edcio ao fim, a Rio Helicopters foi fundada por um Piloto Comercial italiano e sua esposa, atuando juntos na avia\u00e7\u00e3o e [&hellip;]\" \/>\n<meta property=\"og:url\" content=\"https:\/\/riohelicopters.com\/es\/wp-json\/wp\/v2\/pages\/43\" \/>\n<meta property=\"og:site_name\" content=\"Rio Helicopters\" \/>\n<meta property=\"article:modified_time\" content=\"2024-10-07T14:55:55+00:00\" \/>\n<meta name=\"twitter:card\" content=\"summary_large_image\" \/>\n<meta name=\"twitter:label1\" content=\"Tiempo de lectura\" \/>\n\t<meta name=\"twitter:data1\" content=\"8 minutos\" \/>\n<script type=\"application\/ld+json\" class=\"yoast-schema-graph\">{\"@context\":\"https:\/\/schema.org\",\"@graph\":[{\"@type\":\"WebPage\",\"@id\":\"https:\/\/riohelicopters.com\/sobre-nos\/\",\"url\":\"https:\/\/riohelicopters.com\/sobre-nos\/\",\"name\":\"Sobre N\u00f3s - Rio Helicopters\",\"isPartOf\":{\"@id\":\"https:\/\/riohelicopters.com\/#website\"},\"datePublished\":\"2024-07-22T14:02:27+00:00\",\"dateModified\":\"2024-10-07T14:55:55+00:00\",\"breadcrumb\":{\"@id\":\"https:\/\/riohelicopters.com\/sobre-nos\/#breadcrumb\"},\"inLanguage\":\"es\",\"potentialAction\":[{\"@type\":\"ReadAction\",\"target\":[\"https:\/\/riohelicopters.com\/sobre-nos\/\"]}]},{\"@type\":\"BreadcrumbList\",\"@id\":\"https:\/\/riohelicopters.com\/sobre-nos\/#breadcrumb\",\"itemListElement\":[{\"@type\":\"ListItem\",\"position\":1,\"name\":\"In\u00edcio\",\"item\":\"https:\/\/riohelicopters.com\/\"},{\"@type\":\"ListItem\",\"position\":2,\"name\":\"Sobre N\u00f3s\"}]},{\"@type\":\"WebSite\",\"@id\":\"https:\/\/riohelicopters.com\/#website\",\"url\":\"https:\/\/riohelicopters.com\/\",\"name\":\"Rio Helicopters\",\"description\":\"Passeios de helic\u00f3ptero no Rio de Janeiro\",\"potentialAction\":[{\"@type\":\"SearchAction\",\"target\":{\"@type\":\"EntryPoint\",\"urlTemplate\":\"https:\/\/riohelicopters.com\/?s={search_term_string}\"},\"query-input\":{\"@type\":\"PropertyValueSpecification\",\"valueRequired\":true,\"valueName\":\"search_term_string\"}}],\"inLanguage\":\"es\"}]}<\/script>\n<!-- \/ Yoast SEO plugin. -->","yoast_head_json":{"title":"Sobre N\u00f3s - Rio Helicopters","robots":{"index":"index","follow":"follow","max-snippet":"max-snippet:-1","max-image-preview":"max-image-preview:large","max-video-preview":"max-video-preview:-1"},"canonical":"https:\/\/riohelicopters.com\/es\/sobre-nos\/","og_locale":"es_ES","og_type":"article","og_title":"Sobre N\u00f3s - Rio Helicopters","og_description":"O que precisa saber Sobre n\u00f3sA Rio Helicopters \u00e9 uma ag\u00eancia especializada em voos panor\u00e2micos, que surgiu da paix\u00e3o pelo Rio de Janeiro e por voar. Focados em trazer a melhor experi\u00eancia poss\u00edvel do in\u00edcio ao fim, a Rio Helicopters foi fundada por um Piloto Comercial italiano e sua esposa, atuando juntos na avia\u00e7\u00e3o e [&hellip;]","og_url":"https:\/\/riohelicopters.com\/es\/wp-json\/wp\/v2\/pages\/43","og_site_name":"Rio Helicopters","article_modified_time":"2024-10-07T14:55:55+00:00","twitter_card":"summary_large_image","twitter_misc":{"Tiempo de lectura":"8 minutos"},"schema":{"@context":"https:\/\/schema.org","@graph":[{"@type":"WebPage","@id":"https:\/\/riohelicopters.com\/sobre-nos\/","url":"https:\/\/riohelicopters.com\/sobre-nos\/","name":"Sobre N\u00f3s - Rio Helicopters","isPartOf":{"@id":"https:\/\/riohelicopters.com\/#website"},"datePublished":"2024-07-22T14:02:27+00:00","dateModified":"2024-10-07T14:55:55+00:00","breadcrumb":{"@id":"https:\/\/riohelicopters.com\/sobre-nos\/#breadcrumb"},"inLanguage":"es","potentialAction":[{"@type":"ReadAction","target":["https:\/\/riohelicopters.com\/sobre-nos\/"]}]},{"@type":"BreadcrumbList","@id":"https:\/\/riohelicopters.com\/sobre-nos\/#breadcrumb","itemListElement":[{"@type":"ListItem","position":1,"name":"In\u00edcio","item":"https:\/\/riohelicopters.com\/"},{"@type":"ListItem","position":2,"name":"Sobre N\u00f3s"}]},{"@type":"WebSite","@id":"https:\/\/riohelicopters.com\/#website","url":"https:\/\/riohelicopters.com\/","name":"Rio Helicopters","description":"Passeios de helic\u00f3ptero no Rio de Janeiro","potentialAction":[{"@type":"SearchAction","target":{"@type":"EntryPoint","urlTemplate":"https:\/\/riohelicopters.com\/?s={search_term_string}"},"query-input":{"@type":"PropertyValueSpecification","valueRequired":true,"valueName":"search_term_string"}}],"inLanguage":"es"}]}},"_links":{"self":[{"href":"https:\/\/riohelicopters.com\/es\/wp-json\/wp\/v2\/pages\/43"}],"collection":[{"href":"https:\/\/riohelicopters.com\/es\/wp-json\/wp\/v2\/pages"}],"about":[{"href":"https:\/\/riohelicopters.com\/es\/wp-json\/wp\/v2\/types\/page"}],"author":[{"embeddable":true,"href":"https:\/\/riohelicopters.com\/es\/wp-json\/wp\/v2\/users\/2"}],"replies":[{"embeddable":true,"href":"https:\/\/riohelicopters.com\/es\/wp-json\/wp\/v2\/comments?post=43"}],"version-history":[{"count":20,"href":"https:\/\/riohelicopters.com\/es\/wp-json\/wp\/v2\/pages\/43\/revisions"}],"predecessor-version":[{"id":2318,"href":"https:\/\/riohelicopters.com\/es\/wp-json\/wp\/v2\/pages\/43\/revisions\/2318"}],"wp:attachment":[{"href":"https:\/\/riohelicopters.com\/es\/wp-json\/wp\/v2\/media?parent=43"}],"curies":[{"name":"wp","href":"https:\/\/api.w.org\/{rel}","templated":true}]}}