{"id":45,"date":"2024-07-22T11:02:35","date_gmt":"2024-07-22T14:02:35","guid":{"rendered":"https:\/\/riohelicopters.com\/?page_id=45"},"modified":"2025-07-12T09:37:38","modified_gmt":"2025-07-12T12:37:38","slug":"duvidas","status":"publish","type":"page","link":"https:\/\/riohelicopters.com\/es\/duvidas\/","title":{"rendered":"Dudas"},"content":{"rendered":"<p>[et_pb_section fb_built=&#8221;1&#8243; admin_label=&#8221;Se\u00e7\u00e3o&#8221; _builder_version=&#8221;4.27.0&#8243; _module_preset=&#8221;default&#8221; background_color=&#8221;RGBA(255,255,255,0)&#8221; custom_margin=&#8221;||||false|false&#8221; custom_padding=&#8221;170px||||false|false&#8221; da_disable_devices=&#8221;off|off|off&#8221; locked=&#8221;off&#8221; global_colors_info=&#8221;{}&#8221; da_is_popup=&#8221;off&#8221; da_exit_intent=&#8221;off&#8221; da_has_close=&#8221;on&#8221; da_alt_close=&#8221;off&#8221; da_dark_close=&#8221;off&#8221; da_not_modal=&#8221;on&#8221; da_is_singular=&#8221;off&#8221; da_with_loader=&#8221;off&#8221; da_has_shadow=&#8221;on&#8221;][et_pb_row column_structure=&#8221;1_2,1_2&#8243; make_equal=&#8221;on&#8221; _builder_version=&#8221;4.27.0&#8243; _module_preset=&#8221;default&#8221; global_colors_info=&#8221;{}&#8221;][et_pb_column type=&#8221;1_2&#8243; _builder_version=&#8221;4.27.0&#8243; _module_preset=&#8221;default&#8221; global_colors_info=&#8221;{}&#8221;][et_pb_text _builder_version=&#8221;4.27.0&#8243; _module_preset=&#8221;default&#8221; text_font=&#8221;&#8211;et_global_body_font|500|||||||&#8221; text_text_color=&#8221;#FFFFFF&#8221; text_font_size=&#8221;20px&#8221; header_font=&#8221;&#8211;et_global_body_font|500|||||||&#8221; header_text_color=&#8221;#FFFFFF&#8221; header_font_size=&#8221;70px&#8221; custom_margin=&#8221;0px||||false|false&#8221; custom_padding=&#8221;0px||||false|false&#8221; header_font_size_tablet=&#8221;70px&#8221; header_font_size_phone=&#8221;40px&#8221; header_font_size_last_edited=&#8221;on|phone&#8221; locked=&#8221;off&#8221; global_colors_info=&#8221;{}&#8221;]<\/p>\n<h1>\u00bfC\u00f3mo es esta experiencia con nosotros?<\/h1>\n<p>[\/et_pb_text][et_pb_text _builder_version=&#8221;4.27.0&#8243; _module_preset=&#8221;default&#8221; text_font=&#8221;||||||||&#8221; text_text_color=&#8221;#dfdfdf&#8221; text_font_size=&#8221;18px&#8221; text_line_height=&#8221;25px&#8221; locked=&#8221;off&#8221; global_colors_info=&#8221;{}&#8221;]<\/p>\n<p>\u00a1Encontraste la mejor opci\u00f3n en R\u00edo!<\/p>\n<p>\u00a1Te llevamos a ver una de las 7 Maravillas del Mundo y mucho m\u00e1s! Disponemos de varias opciones de vuelos con una duraci\u00f3n de 18 a 50 minutos y despegues todos los d\u00edas.<\/p>\n<p>\u00a1El recorrido en helic\u00f3ptero con Rio Helicopters ofrece una experiencia emocionante como ninguna otra! Desde la adrenalina del despegue hasta las impresionantes vistas a\u00e9reas de la ciudad de R\u00edo de Janeiro, quedar\u00e1s asombrado.<\/p>\n<p>La seguridad es nuestra prioridad, s\u00f3lo trabajamos con aviones legales y con mantenimiento diario. Ofrecemos una sala VIP para su comodidad hasta el momento del embarque.<\/p>\n<p>Hacemos reservas sin dep\u00f3sito y la cancelaci\u00f3n es gratuita.<\/p>\n<p>[\/et_pb_text][\/et_pb_column][et_pb_column type=&#8221;1_2&#8243; _builder_version=&#8221;4.27.0&#8243; _module_preset=&#8221;default&#8221; custom_css_free_form=&#8221;selector {||  display: flex;||  flex-direction: column;||  justify-content: center;||}&#8221; global_colors_info=&#8221;{}&#8221;][et_pb_image src=&#8221;https:\/\/riohelicopters.com\/wp-content\/uploads\/2024\/09\/Frame-18.png&#8221; title_text=&#8221;Frame 18&#8243; align=&#8221;center&#8221; _builder_version=&#8221;4.27.0&#8243; _module_preset=&#8221;default&#8221; max_width=&#8221;600px&#8221; global_colors_info=&#8221;{}&#8221;][\/et_pb_image][\/et_pb_column][\/et_pb_row][\/et_pb_section][et_pb_section fb_built=&#8221;1&#8243; _builder_version=&#8221;4.27.0&#8243; _module_preset=&#8221;default&#8221; background_color=&#8221;RGBA(255,255,255,0)&#8221; custom_padding=&#8221;0px||||false|false&#8221; da_disable_devices=&#8221;off|off|off&#8221; global_colors_info=&#8221;{}&#8221; da_is_popup=&#8221;off&#8221; da_exit_intent=&#8221;off&#8221; da_has_close=&#8221;on&#8221; da_alt_close=&#8221;off&#8221; da_dark_close=&#8221;off&#8221; da_not_modal=&#8221;on&#8221; da_is_singular=&#8221;off&#8221; da_with_loader=&#8221;off&#8221; da_has_shadow=&#8221;on&#8221;][et_pb_row _builder_version=&#8221;4.27.0&#8243; _module_preset=&#8221;default&#8221; custom_margin=&#8221;||60px||false|false&#8221; custom_margin_tablet=&#8221;||60px||false|false&#8221; custom_margin_phone=&#8221;||0px||false|false&#8221; custom_margin_last_edited=&#8221;on|phone&#8221; global_colors_info=&#8221;{}&#8221;][et_pb_column type=&#8221;4_4&#8243; _builder_version=&#8221;4.27.0&#8243; _module_preset=&#8221;default&#8221; global_colors_info=&#8221;{}&#8221;][et_pb_text _builder_version=&#8221;4.27.0&#8243; _module_preset=&#8221;default&#8221; header_2_font=&#8221;&#8211;et_global_heading_font|800||on|||||&#8221; header_2_text_color=&#8221;#FFFFFF&#8221; header_2_font_size=&#8221;55px&#8221; header_2_letter_spacing=&#8221;-0.95px&#8221; header_2_line_height=&#8221;0.6em&#8221; header_4_font=&#8221;&#8211;et_global_heading_font|500|||||||&#8221; header_4_text_color=&#8221;#FFFFFF&#8221; header_4_font_size=&#8221;20px&#8221; header_4_letter_spacing=&#8221;-0.95px&#8221; text_orientation=&#8221;center&#8221; header_2_font_size_tablet=&#8221;55px&#8221; header_2_font_size_phone=&#8221;30px&#8221; header_2_font_size_last_edited=&#8221;on|phone&#8221; header_4_font_size_tablet=&#8221;20px&#8221; header_4_font_size_phone=&#8221;18px&#8221; header_4_font_size_last_edited=&#8221;on|phone&#8221; custom_css_free_form=&#8221;selector h4 {||  font-weight: 400;||}||selector:before {||  content: %22QUESTION%22;||  position: absolute;||  font-size: 163.33px;||  width: 100%;||  top: 0.2em;||  left: 0;||  text-transform: uppercase;||  font-weight: 800;||  color: rgb(75,75,75,20%);||}||||@media (max-width: 981px) {||  selector:before {||  font-size:60px;||  }}||&#8221; locked=&#8221;off&#8221; global_colors_info=&#8221;{}&#8221;]<\/p>\n<h4>Todo lo que<\/h4>\n<h2>QUIERES SABER<\/h2>\n<p>[\/et_pb_text][\/et_pb_column][\/et_pb_row][et_pb_row column_structure=&#8221;1_2,1_2&#8243; _builder_version=&#8221;4.27.0&#8243; _module_preset=&#8221;default&#8221; global_colors_info=&#8221;{}&#8221;][et_pb_column type=&#8221;1_2&#8243; _builder_version=&#8221;4.27.0&#8243; _module_preset=&#8221;default&#8221; global_colors_info=&#8221;{}&#8221;][et_pb_accordion open_toggle_text_color=&#8221;#000000&#8243; open_toggle_background_color=&#8221;RGBA(255,255,255,0)&#8221; closed_toggle_background_color=&#8221;RGBA(255,255,255,0)&#8221; toggle_icon=&#8221;&#x35;||divi||400&#8243; icon_color=&#8221;gcid-d7d269ab-9c54-4476-b47a-3cdcd367f3dc&#8221; use_icon_font_size=&#8221;on&#8221; icon_font_size=&#8221;40px&#8221; _builder_version=&#8221;4.27.0&#8243; _module_preset=&#8221;default&#8221; toggle_text_color=&#8221;#000000&#8243; toggle_font=&#8221;&#8211;et_global_heading_font|500|||||||&#8221; toggle_font_size=&#8221;15px&#8221; custom_margin=&#8221;||||false|false&#8221; border_radii=&#8221;on|20px|20px|20px|20px&#8221; border_color_all=&#8221;gcid-ff935773-fa00-4627-b36d-55009d0df60c&#8221; global_colors_info=&#8221;{%22gcid-d7d269ab-9c54-4476-b47a-3cdcd367f3dc%22:%91%22icon_color%22%93,%22gcid-ff935773-fa00-4627-b36d-55009d0df60c%22:%91%22border_color_all%22%93}&#8221;][et_pb_accordion_item title=&#8221;Vou dividir o helic\u00f3ptero com outras pessoas?&#8221; open=&#8221;on&#8221; _builder_version=&#8221;4.27.0&#8243; _module_preset=&#8221;default&#8221; global_colors_info=&#8221;{}&#8221;]<\/p>\n<p>Solo si solicita de compartir. De lo contrario el vuelo ser\u00e1 privado, con las personas de su reserva.<\/p>\n<p>&nbsp;<\/p>\n<p>[\/et_pb_accordion_item][et_pb_accordion_item title=&#8221;Quantas pessoas por helic\u00f3ptero?&#8221; _builder_version=&#8221;4.27.0&#8243; _module_preset=&#8221;default&#8221; global_colors_info=&#8221;{}&#8221; open=&#8221;off&#8221;]<\/p>\n<p>Rio Helicopters trabaja con diferentes aeronaves de diferentes tama\u00f1os, siendo las aeronaves m\u00e1s utilizadas R44 y Jet Ranger, con capacidad para 3 o 4 pasajeros respectivamente.<\/p>\n<p>&nbsp;<\/p>\n<p>[\/et_pb_accordion_item][et_pb_accordion_item title=&#8221;Posso escolher sentar na frente ou na janela?&#8221; _builder_version=&#8221;4.27.0&#8243; _module_preset=&#8221;default&#8221; global_colors_info=&#8221;{}&#8221; open=&#8221;off&#8221;]<\/p>\n<p>En vuelos privados normalmente puedes elegir tus asientos. Per\u00f3, por razones de seguridad y mejor equilibrio de la aeronave, el piloto al mando podr\u00e1 solicitar un cambio en la disposici\u00f3n de los asientos. En vuelos compartidos los asientos se definir\u00e1n seg\u00fan el peso de cada persona y el tipo de helic\u00f3ptero que se utilice.<\/p>\n<p>&nbsp;<\/p>\n<p>[\/et_pb_accordion_item][et_pb_accordion_item title=&#8221;A Rio Helicopters segue todas as regras de seguran\u00e7a?&#8221; _builder_version=&#8221;4.27.0&#8243; _module_preset=&#8221;default&#8221; global_colors_info=&#8221;{}&#8221; open=&#8221;off&#8221;]<\/p>\n<p>S\u00ed, nuestras operaciones a\u00e9reas cumplen con todos los requisitos de la Agencia Nacional de Aviaci\u00f3n Civil (ANAC). Seguimos todas las reglas de formaci\u00f3n de tripulaciones y mantenimiento de aeronaves. Nuestro equipo est\u00e1 totalmente enfocado en la seguridad y satisfacci\u00f3n de nuestros clientes.<\/p>\n<p>&nbsp;<\/p>\n<p>[\/et_pb_accordion_item][et_pb_accordion_item title=&#8221;Qual o limite de peso para voar?&#8221; _builder_version=&#8221;4.27.0&#8243; _module_preset=&#8221;default&#8221; global_colors_info=&#8221;{}&#8221; open=&#8221;off&#8221;]<\/p>\n<p>El l\u00edmite es de 120 kilos de media por asiento, dependiendo de la aeronave y el peso total de todos los pasajeros.<\/p>\n<p>&nbsp;<\/p>\n<p>[\/et_pb_accordion_item][et_pb_accordion_item title=&#8221;Crian\u00e7as e gr\u00e1vidas podem voar?&#8221; _builder_version=&#8221;4.27.0&#8243; _module_preset=&#8221;default&#8221; global_colors_info=&#8221;{}&#8221; open=&#8221;off&#8221;]<\/p>\n<p>S\u00ed, los beb\u00e9s y ni\u00f1os de hasta 2 a\u00f1os no pagan y pueden sentarse en tu regazo, manteniendo siempre el l\u00edmite de peso por asiento de una media de hasta 120 kilos. Se permite 1 ni\u00f1o en el regazo por vuelo. Los ni\u00f1os mayores de 2 a\u00f1os no podr\u00e1n ser transportados en el regazo y deber\u00e1n ocupar un asiento. No existen contra indicaciones para que las mujeres embarazadas vuelen en helic\u00f3ptero, pero siempre recomendamos consultar primero con su m\u00e9dico.<\/p>\n<p>&nbsp;<\/p>\n<p>[\/et_pb_accordion_item][et_pb_accordion_item title=&#8221;Quanto tempo antes do voo devo chegar?&#8221; _builder_version=&#8221;4.27.0&#8243; _module_preset=&#8221;default&#8221; global_colors_info=&#8221;{}&#8221; open=&#8221;off&#8221;]<\/p>\n<p>Le pedimos que se presente 30 minutos antes del despegue, para el pago y check in antes de volar.\u00a0<\/p>\n<p>&nbsp;<\/p>\n<p>[\/et_pb_accordion_item][\/et_pb_accordion][\/et_pb_column][et_pb_column type=&#8221;1_2&#8243; _builder_version=&#8221;4.27.0&#8243; _module_preset=&#8221;default&#8221; global_colors_info=&#8221;{}&#8221;][et_pb_accordion open_toggle_text_color=&#8221;#000000&#8243; open_toggle_background_color=&#8221;RGBA(255,255,255,0)&#8221; closed_toggle_background_color=&#8221;RGBA(255,255,255,0)&#8221; toggle_icon=&#8221;&#x35;||divi||400&#8243; icon_color=&#8221;gcid-d7d269ab-9c54-4476-b47a-3cdcd367f3dc&#8221; use_icon_font_size=&#8221;on&#8221; icon_font_size=&#8221;40px&#8221; _builder_version=&#8221;4.27.0&#8243; _module_preset=&#8221;default&#8221; toggle_text_color=&#8221;#000000&#8243; toggle_font=&#8221;&#8211;et_global_heading_font|500|||||||&#8221; toggle_font_size=&#8221;15px&#8221; custom_margin=&#8221;||||false|false&#8221; border_radii=&#8221;on|20px|20px|20px|20px&#8221; border_color_all=&#8221;gcid-ff935773-fa00-4627-b36d-55009d0df60c&#8221; global_colors_info=&#8221;{%22gcid-d7d269ab-9c54-4476-b47a-3cdcd367f3dc%22:%91%22icon_color%22%93,%22gcid-ff935773-fa00-4627-b36d-55009d0df60c%22:%91%22border_color_all%22%93}&#8221;][et_pb_accordion_item title=&#8221;O que acontece se eu me atrasar ou quiser cancelar meu voo?&#8221; open=&#8221;on&#8221; _builder_version=&#8221;4.27.0&#8243; _module_preset=&#8221;default&#8221; global_colors_info=&#8221;{}&#8221;]<\/p>\n<p>En caso de retraso, su vuelo ser\u00e1 reprogramado seg\u00fan disponibilidad, sin garant\u00eda de que se realizar\u00e1 el mismo d\u00eda.\u00a0<\/p>\n<p>Le pedimos que nos notifique lo antes posible en caso de cancelaci\u00f3n para evitar NO SHOW.<\/p>\n<p>[\/et_pb_accordion_item][et_pb_accordion_item title=&#8221;Tenho que apresentar documentos para voar?&#8221; _builder_version=&#8221;4.27.0&#8243; _module_preset=&#8221;default&#8221; global_colors_info=&#8221;{}&#8221; open=&#8221;off&#8221;]<\/p>\n<p>S\u00ed, \u00e9s necesario llevar un documento con foto (fotocopia o en su celular).<\/p>\n<p>&nbsp;<\/p>\n<p>[\/et_pb_accordion_item][et_pb_accordion_item title=&#8221;Posso usar o celular durante o voo?&#8221; _builder_version=&#8221;4.27.0&#8243; _module_preset=&#8221;default&#8221; global_colors_info=&#8221;{}&#8221; open=&#8221;off&#8221;]<\/p>\n<p>No hay problema, tendr\u00e1s fluctuaciones de se\u00f1al, pero puedes usar tu celular para publicaciones, llamadas, fotos y videos.<\/p>\n<p>&nbsp;<\/p>\n<p>[\/et_pb_accordion_item][et_pb_accordion_item title=&#8221;Qual o local de encontro e fornecem transporte?&#8221; _builder_version=&#8221;4.27.0&#8243; _module_preset=&#8221;default&#8221; global_colors_info=&#8221;{}&#8221; open=&#8221;off&#8221;]<\/p>\n<p>Contamos con 2 lugares de despegue: Campo de Golf Ol\u00edmpico y Aeropuerto de Jacarepagu\u00e1, ambos en Barra da Tijuca. Verifique la confirmaci\u00f3n de su reserva para conocer el lugar de recogida.<\/p>\n<p>Rio Helicopters ofrece servicio de coche y conductor con coste extra y seg\u00fan disponibilidad. Puedes solicitarlo a trav\u00e9s del sitio Web o WhatsApp.<\/p>\n<p>&nbsp;<\/p>\n<p>[\/et_pb_accordion_item][et_pb_accordion_item title=&#8221;O que acontece no caso de mau tempo?&#8221; _builder_version=&#8221;4.27.0&#8243; _module_preset=&#8221;default&#8221; global_colors_info=&#8221;{}&#8221; open=&#8221;off&#8221;]<\/p>\n<p>Si el clima no es el que desea para su vuelo y prefiere reprogramarlo, comun\u00edquese con nosotros lo antes posible. Pero si las condiciones clim\u00e1ticas son tan malas y no se recomienda el despegue, nuestro propio equipo se comunicar\u00e1 con usted para reprogramarlo.<\/p>\n<p>&nbsp;<\/p>\n<p>[\/et_pb_accordion_item][et_pb_accordion_item title=&#8221;Se o meu voo \u00e9 privativo, posso mudar a rota?&#8221; _builder_version=&#8221;4.27.0&#8243; _module_preset=&#8221;default&#8221; global_colors_info=&#8221;{}&#8221; open=&#8221;off&#8221;]<\/p>\n<p>La ruta del vuelo panor\u00e1mico no se puede modificar, pero puedes solicitar una ruta personalizada que ser\u00e1 analizada por nuestro equipo.<\/p>\n<p>&nbsp;<\/p>\n<p>[\/et_pb_accordion_item][et_pb_accordion_item title=&#8221;Eu tenho medo, ser\u00e1 que vou conseguir voar?&#8221; _builder_version=&#8221;4.27.0&#8243; _module_preset=&#8221;default&#8221; global_colors_info=&#8221;{}&#8221; open=&#8221;off&#8221;]<\/p>\n<p>Entendemos su preocupaci\u00f3n y queremos ayudarlo a tener esta incre\u00edble experiencia. Planificamos nuestro vuelo para realizar maniobras m\u00e1s suaves y nuestros pilotos est\u00e1n muy bien entrenados y preparados para ayudar en estas situaciones. Para ayudarlo a\u00fan m\u00e1s, usted puede usar nuestros auriculares con micr\u00f3fono para comunicarse con el Piloto y sus compa\u00f1eros de vuelo.<\/p>\n<p>&nbsp;<\/p>\n<p>[\/et_pb_accordion_item][\/et_pb_accordion][\/et_pb_column][\/et_pb_row][\/et_pb_section]<\/p>","protected":false},"excerpt":{"rendered":"<p>Como \u00e9 o nosso passeio?Voc\u00ea encontrou a melhor op\u00e7\u00e3o do Rio! Te levamos para ver uma das 7 Maravilhas do Mundo e muito mais! Temos v\u00e1rias op\u00e7\u00f5es de voos com dura\u00e7\u00e3o de 18 a 50 mins, e decolagens todos os dias. O passeio de helic\u00f3ptero com a Rio Helicopters oferece uma experi\u00eancia emocionante como nenhuma [&hellip;]<\/p>","protected":false},"author":2,"featured_media":0,"parent":0,"menu_order":8,"comment_status":"closed","ping_status":"closed","template":"","meta":{"_acf_changed":false,"_et_pb_use_builder":"on","_et_pb_old_content":"<!-- wp:divi\/placeholder \/-->","_et_gb_content_width":"","footnotes":""},"class_list":["post-45","page","type-page","status-publish","hentry"],"acf":[],"yoast_head":"<!-- This site is optimized with the Yoast SEO plugin v23.7 - https:\/\/yoast.com\/wordpress\/plugins\/seo\/ -->\n<title>D\u00favidas - Rio Helicopters<\/title>\n<meta name=\"robots\" content=\"index, follow, max-snippet:-1, max-image-preview:large, max-video-preview:-1\" \/>\n<link rel=\"canonical\" href=\"https:\/\/riohelicopters.com\/es\/duvidas\/\" \/>\n<meta property=\"og:locale\" content=\"es_ES\" \/>\n<meta property=\"og:type\" content=\"article\" \/>\n<meta property=\"og:title\" content=\"D\u00favidas - Rio Helicopters\" \/>\n<meta property=\"og:description\" content=\"Como \u00e9 o nosso passeio?Voc\u00ea encontrou a melhor op\u00e7\u00e3o do Rio! Te levamos para ver uma das 7 Maravilhas do Mundo e muito mais! Temos v\u00e1rias op\u00e7\u00f5es de voos com dura\u00e7\u00e3o de 18 a 50 mins, e decolagens todos os dias. O passeio de helic\u00f3ptero com a Rio Helicopters oferece uma experi\u00eancia emocionante como nenhuma [&hellip;]\" \/>\n<meta property=\"og:url\" content=\"https:\/\/riohelicopters.com\/es\/wp-json\/wp\/v2\/pages\/45\" \/>\n<meta property=\"og:site_name\" content=\"Rio Helicopters\" \/>\n<meta property=\"article:modified_time\" content=\"2025-07-12T12:37:38+00:00\" \/>\n<meta name=\"twitter:card\" content=\"summary_large_image\" \/>\n<meta name=\"twitter:label1\" content=\"Tiempo de lectura\" \/>\n\t<meta name=\"twitter:data1\" content=\"9 minutos\" \/>\n<script type=\"application\/ld+json\" class=\"yoast-schema-graph\">{\"@context\":\"https:\/\/schema.org\",\"@graph\":[{\"@type\":\"WebPage\",\"@id\":\"https:\/\/riohelicopters.com\/duvidas\/\",\"url\":\"https:\/\/riohelicopters.com\/duvidas\/\",\"name\":\"D\u00favidas - Rio Helicopters\",\"isPartOf\":{\"@id\":\"https:\/\/riohelicopters.com\/#website\"},\"datePublished\":\"2024-07-22T14:02:35+00:00\",\"dateModified\":\"2025-07-12T12:37:38+00:00\",\"breadcrumb\":{\"@id\":\"https:\/\/riohelicopters.com\/duvidas\/#breadcrumb\"},\"inLanguage\":\"es\",\"potentialAction\":[{\"@type\":\"ReadAction\",\"target\":[\"https:\/\/riohelicopters.com\/duvidas\/\"]}]},{\"@type\":\"BreadcrumbList\",\"@id\":\"https:\/\/riohelicopters.com\/duvidas\/#breadcrumb\",\"itemListElement\":[{\"@type\":\"ListItem\",\"position\":1,\"name\":\"In\u00edcio\",\"item\":\"https:\/\/riohelicopters.com\/\"},{\"@type\":\"ListItem\",\"position\":2,\"name\":\"D\u00favidas\"}]},{\"@type\":\"WebSite\",\"@id\":\"https:\/\/riohelicopters.com\/#website\",\"url\":\"https:\/\/riohelicopters.com\/\",\"name\":\"Rio Helicopters\",\"description\":\"Passeios de helic\u00f3ptero no Rio de Janeiro\",\"potentialAction\":[{\"@type\":\"SearchAction\",\"target\":{\"@type\":\"EntryPoint\",\"urlTemplate\":\"https:\/\/riohelicopters.com\/?s={search_term_string}\"},\"query-input\":{\"@type\":\"PropertyValueSpecification\",\"valueRequired\":true,\"valueName\":\"search_term_string\"}}],\"inLanguage\":\"es\"}]}<\/script>\n<!-- \/ Yoast SEO plugin. -->","yoast_head_json":{"title":"D\u00favidas - Rio Helicopters","robots":{"index":"index","follow":"follow","max-snippet":"max-snippet:-1","max-image-preview":"max-image-preview:large","max-video-preview":"max-video-preview:-1"},"canonical":"https:\/\/riohelicopters.com\/es\/duvidas\/","og_locale":"es_ES","og_type":"article","og_title":"D\u00favidas - Rio Helicopters","og_description":"Como \u00e9 o nosso passeio?Voc\u00ea encontrou a melhor op\u00e7\u00e3o do Rio! Te levamos para ver uma das 7 Maravilhas do Mundo e muito mais! Temos v\u00e1rias op\u00e7\u00f5es de voos com dura\u00e7\u00e3o de 18 a 50 mins, e decolagens todos os dias. O passeio de helic\u00f3ptero com a Rio Helicopters oferece uma experi\u00eancia emocionante como nenhuma [&hellip;]","og_url":"https:\/\/riohelicopters.com\/es\/wp-json\/wp\/v2\/pages\/45","og_site_name":"Rio Helicopters","article_modified_time":"2025-07-12T12:37:38+00:00","twitter_card":"summary_large_image","twitter_misc":{"Tiempo de lectura":"9 minutos"},"schema":{"@context":"https:\/\/schema.org","@graph":[{"@type":"WebPage","@id":"https:\/\/riohelicopters.com\/duvidas\/","url":"https:\/\/riohelicopters.com\/duvidas\/","name":"D\u00favidas - Rio Helicopters","isPartOf":{"@id":"https:\/\/riohelicopters.com\/#website"},"datePublished":"2024-07-22T14:02:35+00:00","dateModified":"2025-07-12T12:37:38+00:00","breadcrumb":{"@id":"https:\/\/riohelicopters.com\/duvidas\/#breadcrumb"},"inLanguage":"es","potentialAction":[{"@type":"ReadAction","target":["https:\/\/riohelicopters.com\/duvidas\/"]}]},{"@type":"BreadcrumbList","@id":"https:\/\/riohelicopters.com\/duvidas\/#breadcrumb","itemListElement":[{"@type":"ListItem","position":1,"name":"In\u00edcio","item":"https:\/\/riohelicopters.com\/"},{"@type":"ListItem","position":2,"name":"D\u00favidas"}]},{"@type":"WebSite","@id":"https:\/\/riohelicopters.com\/#website","url":"https:\/\/riohelicopters.com\/","name":"Rio Helicopters","description":"Passeios de helic\u00f3ptero no Rio de Janeiro","potentialAction":[{"@type":"SearchAction","target":{"@type":"EntryPoint","urlTemplate":"https:\/\/riohelicopters.com\/?s={search_term_string}"},"query-input":{"@type":"PropertyValueSpecification","valueRequired":true,"valueName":"search_term_string"}}],"inLanguage":"es"}]}},"_links":{"self":[{"href":"https:\/\/riohelicopters.com\/es\/wp-json\/wp\/v2\/pages\/45"}],"collection":[{"href":"https:\/\/riohelicopters.com\/es\/wp-json\/wp\/v2\/pages"}],"about":[{"href":"https:\/\/riohelicopters.com\/es\/wp-json\/wp\/v2\/types\/page"}],"author":[{"embeddable":true,"href":"https:\/\/riohelicopters.com\/es\/wp-json\/wp\/v2\/users\/2"}],"replies":[{"embeddable":true,"href":"https:\/\/riohelicopters.com\/es\/wp-json\/wp\/v2\/comments?post=45"}],"version-history":[{"count":55,"href":"https:\/\/riohelicopters.com\/es\/wp-json\/wp\/v2\/pages\/45\/revisions"}],"predecessor-version":[{"id":4051,"href":"https:\/\/riohelicopters.com\/es\/wp-json\/wp\/v2\/pages\/45\/revisions\/4051"}],"wp:attachment":[{"href":"https:\/\/riohelicopters.com\/es\/wp-json\/wp\/v2\/media?parent=45"}],"curies":[{"name":"wp","href":"https:\/\/api.w.org\/{rel}","templated":true}]}}