{"id":45,"date":"2024-07-22T11:02:35","date_gmt":"2024-07-22T14:02:35","guid":{"rendered":"https:\/\/riohelicopters.com\/?page_id=45"},"modified":"2025-07-12T09:37:38","modified_gmt":"2025-07-12T12:37:38","slug":"duvidas","status":"publish","type":"page","link":"https:\/\/riohelicopters.com\/fr\/duvidas\/","title":{"rendered":"Une question"},"content":{"rendered":"<p>[et_pb_section fb_built=&#8221;1&#8243; admin_label=&#8221;Se\u00e7\u00e3o&#8221; _builder_version=&#8221;4.27.0&#8243; _module_preset=&#8221;default&#8221; background_color=&#8221;RGBA(255,255,255,0)&#8221; custom_margin=&#8221;||||false|false&#8221; custom_padding=&#8221;170px||||false|false&#8221; da_disable_devices=&#8221;off|off|off&#8221; locked=&#8221;off&#8221; global_colors_info=&#8221;{}&#8221; da_is_popup=&#8221;off&#8221; da_exit_intent=&#8221;off&#8221; da_has_close=&#8221;on&#8221; da_alt_close=&#8221;off&#8221; da_dark_close=&#8221;off&#8221; da_not_modal=&#8221;on&#8221; da_is_singular=&#8221;off&#8221; da_with_loader=&#8221;off&#8221; da_has_shadow=&#8221;on&#8221;][et_pb_row column_structure=&#8221;1_2,1_2&#8243; make_equal=&#8221;on&#8221; _builder_version=&#8221;4.27.0&#8243; _module_preset=&#8221;default&#8221; global_colors_info=&#8221;{}&#8221;][et_pb_column type=&#8221;1_2&#8243; _builder_version=&#8221;4.27.0&#8243; _module_preset=&#8221;default&#8221; global_colors_info=&#8221;{}&#8221;][et_pb_text _builder_version=&#8221;4.27.0&#8243; _module_preset=&#8221;default&#8221; text_font=&#8221;&#8211;et_global_body_font|500|||||||&#8221; text_text_color=&#8221;#FFFFFF&#8221; text_font_size=&#8221;20px&#8221; header_font=&#8221;&#8211;et_global_body_font|500|||||||&#8221; header_text_color=&#8221;#FFFFFF&#8221; header_font_size=&#8221;70px&#8221; custom_margin=&#8221;0px||||false|false&#8221; custom_padding=&#8221;0px||||false|false&#8221; header_font_size_tablet=&#8221;70px&#8221; header_font_size_phone=&#8221;40px&#8221; header_font_size_last_edited=&#8221;on|phone&#8221; locked=&#8221;off&#8221; global_colors_info=&#8221;{}&#8221;]<\/p>\n<h1>Comment se passe cette exp\u00e9rience avec nous?<\/h1>\n<p>[\/et_pb_text][et_pb_text _builder_version=&#8221;4.27.0&#8243; _module_preset=&#8221;default&#8221; text_font=&#8221;||||||||&#8221; text_text_color=&#8221;#dfdfdf&#8221; text_font_size=&#8221;18px&#8221; text_line_height=&#8221;25px&#8221; locked=&#8221;off&#8221; global_colors_info=&#8221;{}&#8221;]<\/p>\n<p>Vous avez trouv\u00e9 la meilleure option \u00e0 Rio!<\/p>\n<p>Nous vous emmenons voir l'une des 7 Merveilles du Monde et bien plus encore! Nous proposons plusieurs options de vols d'une dur\u00e9e de 18 \u00e0 50 minutes, et des d\u00e9collages tous les jours.<\/p>\n<p>Le tour en h\u00e9licopt\u00e8re avec Rio Helicopters offre une exp\u00e9rience exaltante pas comme les autres ! De l'adr\u00e9naline du d\u00e9collage aux impressionnantes vues a\u00e9riennes de la ville de Rio de Janeiro, vous serez \u00e9merveill\u00e9.<\/p>\n<p>La s\u00e9curit\u00e9 est notre priorit\u00e9, nous travaillons uniquement avec des a\u00e9ronefs l\u00e9galis\u00e9s qui subissent une maintenance quotidienne. Nous avons \u00e0 votre disposition un salon VIP pour votre confort jusqu'\u00e0 l'heure de l'embarquement.<\/p>\n<p>Nous effectuons des r\u00e9servations sans frais et annulation gratuite.<\/p>\n<p>[\/et_pb_text][\/et_pb_column][et_pb_column type=&#8221;1_2&#8243; _builder_version=&#8221;4.27.0&#8243; _module_preset=&#8221;default&#8221; custom_css_free_form=&#8221;selector {||  display: flex;||  flex-direction: column;||  justify-content: center;||}&#8221; global_colors_info=&#8221;{}&#8221;][et_pb_image src=&#8221;https:\/\/riohelicopters.com\/wp-content\/uploads\/2024\/09\/Frame-18.png&#8221; title_text=&#8221;Frame 18&#8243; align=&#8221;center&#8221; _builder_version=&#8221;4.27.0&#8243; _module_preset=&#8221;default&#8221; max_width=&#8221;600px&#8221; global_colors_info=&#8221;{}&#8221;][\/et_pb_image][\/et_pb_column][\/et_pb_row][\/et_pb_section][et_pb_section fb_built=&#8221;1&#8243; _builder_version=&#8221;4.27.0&#8243; _module_preset=&#8221;default&#8221; background_color=&#8221;RGBA(255,255,255,0)&#8221; custom_padding=&#8221;0px||||false|false&#8221; da_disable_devices=&#8221;off|off|off&#8221; global_colors_info=&#8221;{}&#8221; da_is_popup=&#8221;off&#8221; da_exit_intent=&#8221;off&#8221; da_has_close=&#8221;on&#8221; da_alt_close=&#8221;off&#8221; da_dark_close=&#8221;off&#8221; da_not_modal=&#8221;on&#8221; da_is_singular=&#8221;off&#8221; da_with_loader=&#8221;off&#8221; da_has_shadow=&#8221;on&#8221;][et_pb_row _builder_version=&#8221;4.27.0&#8243; _module_preset=&#8221;default&#8221; custom_margin=&#8221;||60px||false|false&#8221; custom_margin_tablet=&#8221;||60px||false|false&#8221; custom_margin_phone=&#8221;||0px||false|false&#8221; custom_margin_last_edited=&#8221;on|phone&#8221; global_colors_info=&#8221;{}&#8221;][et_pb_column type=&#8221;4_4&#8243; _builder_version=&#8221;4.27.0&#8243; _module_preset=&#8221;default&#8221; global_colors_info=&#8221;{}&#8221;][et_pb_text _builder_version=&#8221;4.27.0&#8243; _module_preset=&#8221;default&#8221; header_2_font=&#8221;&#8211;et_global_heading_font|800||on|||||&#8221; header_2_text_color=&#8221;#FFFFFF&#8221; header_2_font_size=&#8221;55px&#8221; header_2_letter_spacing=&#8221;-0.95px&#8221; header_2_line_height=&#8221;0.6em&#8221; header_4_font=&#8221;&#8211;et_global_heading_font|500|||||||&#8221; header_4_text_color=&#8221;#FFFFFF&#8221; header_4_font_size=&#8221;20px&#8221; header_4_letter_spacing=&#8221;-0.95px&#8221; text_orientation=&#8221;center&#8221; header_2_font_size_tablet=&#8221;55px&#8221; header_2_font_size_phone=&#8221;30px&#8221; header_2_font_size_last_edited=&#8221;on|phone&#8221; header_4_font_size_tablet=&#8221;20px&#8221; header_4_font_size_phone=&#8221;18px&#8221; header_4_font_size_last_edited=&#8221;on|phone&#8221; custom_css_free_form=&#8221;selector h4 {||  font-weight: 400;||}||selector:before {||  content: %22QUESTION%22;||  position: absolute;||  font-size: 163.33px;||  width: 100%;||  top: 0.2em;||  left: 0;||  text-transform: uppercase;||  font-weight: 800;||  color: rgb(75,75,75,20%);||}||||@media (max-width: 981px) {||  selector:before {||  font-size:60px;||  }}||&#8221; locked=&#8221;off&#8221; global_colors_info=&#8221;{}&#8221;]<\/p>\n<h4>Tout ce que vous<\/h4>\n<h2>VOULEZ SAVOIR<\/h2>\n<p>[\/et_pb_text][\/et_pb_column][\/et_pb_row][et_pb_row column_structure=&#8221;1_2,1_2&#8243; _builder_version=&#8221;4.27.0&#8243; _module_preset=&#8221;default&#8221; global_colors_info=&#8221;{}&#8221;][et_pb_column type=&#8221;1_2&#8243; _builder_version=&#8221;4.27.0&#8243; _module_preset=&#8221;default&#8221; global_colors_info=&#8221;{}&#8221;][et_pb_accordion open_toggle_text_color=&#8221;#000000&#8243; open_toggle_background_color=&#8221;RGBA(255,255,255,0)&#8221; closed_toggle_background_color=&#8221;RGBA(255,255,255,0)&#8221; toggle_icon=&#8221;&#x35;||divi||400&#8243; icon_color=&#8221;gcid-d7d269ab-9c54-4476-b47a-3cdcd367f3dc&#8221; use_icon_font_size=&#8221;on&#8221; icon_font_size=&#8221;40px&#8221; _builder_version=&#8221;4.27.0&#8243; _module_preset=&#8221;default&#8221; toggle_text_color=&#8221;#000000&#8243; toggle_font=&#8221;&#8211;et_global_heading_font|500|||||||&#8221; toggle_font_size=&#8221;15px&#8221; custom_margin=&#8221;||||false|false&#8221; border_radii=&#8221;on|20px|20px|20px|20px&#8221; border_color_all=&#8221;gcid-ff935773-fa00-4627-b36d-55009d0df60c&#8221; global_colors_info=&#8221;{%22gcid-d7d269ab-9c54-4476-b47a-3cdcd367f3dc%22:%91%22icon_color%22%93,%22gcid-ff935773-fa00-4627-b36d-55009d0df60c%22:%91%22border_color_all%22%93}&#8221;][et_pb_accordion_item title=&#8221;Vou dividir o helic\u00f3ptero com outras pessoas?&#8221; open=&#8221;on&#8221; _builder_version=&#8221;4.27.0&#8243; _module_preset=&#8221;default&#8221; global_colors_info=&#8221;{}&#8221;]<\/p>\n<p>Seulement si vous demandez de partager. Sinon, le vol sera priv\u00e9, avec les personnes de votre r\u00e9servation.<\/p>\n<p>&nbsp;<\/p>\n<p>[\/et_pb_accordion_item][et_pb_accordion_item title=&#8221;Quantas pessoas por helic\u00f3ptero?&#8221; _builder_version=&#8221;4.27.0&#8243; _module_preset=&#8221;default&#8221; global_colors_info=&#8221;{}&#8221; open=&#8221;off&#8221;]<\/p>\n<p>Rio Helicopters travaille avec diff\u00e9rents h\u00e9licopt\u00e8res de diff\u00e9rentes tailles, les plus utilis\u00e9s \u00e9tant le R44 et le Jet Ranger, avec une capacit\u00e9 de 3 ou 4 passagers respectivement.<\/p>\n<p>&nbsp;<\/p>\n<p>[\/et_pb_accordion_item][et_pb_accordion_item title=&#8221;Posso escolher sentar na frente ou na janela?&#8221; _builder_version=&#8221;4.27.0&#8243; _module_preset=&#8221;default&#8221; global_colors_info=&#8221;{}&#8221; open=&#8221;off&#8221;]<\/p>\n<p>Sur les vols priv\u00e9s, vous pouvez g\u00e9n\u00e9ralement choisir vos si\u00e8ges. Toutefois, pour plus de s\u00e9curit\u00e9 et un meilleur \u00e9quilibre de l'a\u00e9ronef, le Pilote aux commande peut demander des modifications. Sur les vols partag\u00e9s, les si\u00e8ges seront d\u00e9finis en fonction de l'autonomie de l'a\u00e9ronef et du poids de chacun.<\/p>\n<p>&nbsp;<\/p>\n<p>[\/et_pb_accordion_item][et_pb_accordion_item title=&#8221;A Rio Helicopters segue todas as regras de seguran\u00e7a?&#8221; _builder_version=&#8221;4.27.0&#8243; _module_preset=&#8221;default&#8221; global_colors_info=&#8221;{}&#8221; open=&#8221;off&#8221;]<\/p>\n<p>Oui! Nos op\u00e9rations a\u00e9riennes r\u00e9pondent \u00e0 toutes les exigences de l'Agence Nationale de l'Aviation Civile (ANAC). Nous suivons toutes les r\u00e8gles de maintenance des a\u00e9ronefs et de formation des \u00e9quipages. Notre \u00e9quipe est totalement tourn\u00e9e vers la s\u00e9curit\u00e9 et la satisfaction de nos clients.<\/p>\n<p>&nbsp;<\/p>\n<p>[\/et_pb_accordion_item][et_pb_accordion_item title=&#8221;Qual o limite de peso para voar?&#8221; _builder_version=&#8221;4.27.0&#8243; _module_preset=&#8221;default&#8221; global_colors_info=&#8221;{}&#8221; open=&#8221;off&#8221;]<\/p>\n<p>La limite est de 120 kilos par si\u00e8ge, selon l'h\u00e9licopt\u00e8re utilis\u00e9 et le poids total de tous les passagers.<\/p>\n<p>&nbsp;<\/p>\n<p>[\/et_pb_accordion_item][et_pb_accordion_item title=&#8221;Crian\u00e7as e gr\u00e1vidas podem voar?&#8221; _builder_version=&#8221;4.27.0&#8243; _module_preset=&#8221;default&#8221; global_colors_info=&#8221;{}&#8221; open=&#8221;off&#8221;]<\/p>\n<p>Oui, les b\u00e9b\u00e9s et les enfants jusqu'\u00e0 2 ans sont gratuits et peuvent s'asseoir sur vos genoux, \u00e0 condition de respecter la limite de poids par si\u00e8ge allant jusqu'\u00e0 120 kilos. 1 enfant sur les genoux est autoris\u00e9 par vol. Les enfants de plus de 2 ans ne peuvent pas \u00eatre transport\u00e9s sur les genoux et doivent occuper un si\u00e8ge. Il n\u2019y a aucune contre-indication pour les femmes enceintes \u00e0 voler en h\u00e9licopt\u00e8re, mais nous vous recommandons toujours de consulter au pr\u00e9alable votre m\u00e9decin.<\/p>\n<p>&nbsp;<\/p>\n<p>[\/et_pb_accordion_item][et_pb_accordion_item title=&#8221;Quanto tempo antes do voo devo chegar?&#8221; _builder_version=&#8221;4.27.0&#8243; _module_preset=&#8221;default&#8221; global_colors_info=&#8221;{}&#8221; open=&#8221;off&#8221;]<\/p>\n<p>Nous vous demandons de vous pr\u00e9senter 30 minutes avant le d\u00e9collage, pour le paiement et le check in avant le vol.\u00a0<\/p>\n<p>&nbsp;<\/p>\n<p>[\/et_pb_accordion_item][\/et_pb_accordion][\/et_pb_column][et_pb_column type=&#8221;1_2&#8243; _builder_version=&#8221;4.27.0&#8243; _module_preset=&#8221;default&#8221; global_colors_info=&#8221;{}&#8221;][et_pb_accordion open_toggle_text_color=&#8221;#000000&#8243; open_toggle_background_color=&#8221;RGBA(255,255,255,0)&#8221; closed_toggle_background_color=&#8221;RGBA(255,255,255,0)&#8221; toggle_icon=&#8221;&#x35;||divi||400&#8243; icon_color=&#8221;gcid-d7d269ab-9c54-4476-b47a-3cdcd367f3dc&#8221; use_icon_font_size=&#8221;on&#8221; icon_font_size=&#8221;40px&#8221; _builder_version=&#8221;4.27.0&#8243; _module_preset=&#8221;default&#8221; toggle_text_color=&#8221;#000000&#8243; toggle_font=&#8221;&#8211;et_global_heading_font|500|||||||&#8221; toggle_font_size=&#8221;15px&#8221; custom_margin=&#8221;||||false|false&#8221; border_radii=&#8221;on|20px|20px|20px|20px&#8221; border_color_all=&#8221;gcid-ff935773-fa00-4627-b36d-55009d0df60c&#8221; global_colors_info=&#8221;{%22gcid-d7d269ab-9c54-4476-b47a-3cdcd367f3dc%22:%91%22icon_color%22%93,%22gcid-ff935773-fa00-4627-b36d-55009d0df60c%22:%91%22border_color_all%22%93}&#8221;][et_pb_accordion_item title=&#8221;O que acontece se eu me atrasar ou quiser cancelar meu voo?&#8221; open=&#8221;on&#8221; _builder_version=&#8221;4.27.0&#8243; _module_preset=&#8221;default&#8221; global_colors_info=&#8221;{}&#8221;]<\/p>\n<p>En cas de retard, votre vol sera reprogramm\u00e9 selon les disponibilit\u00e9s, sans aucune garantie qu'il aura lieu le m\u00eame jour.\u00a0<\/p>\n<p>Nous vous demandons de nous informer le plus t\u00f4t possible en cas d'annulation afin d'\u00e9viter un NO SHOW.<\/p>\n<p>[\/et_pb_accordion_item][et_pb_accordion_item title=&#8221;Tenho que apresentar documentos para voar?&#8221; _builder_version=&#8221;4.27.0&#8243; _module_preset=&#8221;default&#8221; global_colors_info=&#8221;{}&#8221; open=&#8221;off&#8221;]<\/p>\n<p>Oui, vous devez apportez un document avec photo (photocopie ou de votre t\u00e9l\u00e9phone portable).<\/p>\n<p>&nbsp;<\/p>\n<p>[\/et_pb_accordion_item][et_pb_accordion_item title=&#8221;Posso usar o celular durante o voo?&#8221; _builder_version=&#8221;4.27.0&#8243; _module_preset=&#8221;default&#8221; global_colors_info=&#8221;{}&#8221; open=&#8221;off&#8221;]<\/p>\n<p>Pas de probl\u00e8me, il y aura des fluctuations de signal, mais vous pourrez utiliser votre t\u00e9l\u00e9phone portable pour des publications, des appels, des photos et des vid\u00e9os.<\/p>\n<p>&nbsp;<\/p>\n<p>[\/et_pb_accordion_item][et_pb_accordion_item title=&#8221;Qual o local de encontro e fornecem transporte?&#8221; _builder_version=&#8221;4.27.0&#8243; _module_preset=&#8221;default&#8221; global_colors_info=&#8221;{}&#8221; open=&#8221;off&#8221;]<\/p>\n<p>On a 2 sites de d\u00e9collage: le Golf Olympique et l'A\u00e9roport de Jacarepagu\u00e1, tous deux \u00e0 Barra da Tijuca. V\u00e9rifiez votre confirmation de r\u00e9servation pour conna\u00eetre votre lieu de d\u00e9collage.<\/p>\n<p>Rio Helicopters propose un service de voiture avec chauffeur moyennant un suppl\u00e9ment et selon disponibilit\u00e9. Vous pouvez demander via le site Web ou WhatsApp.<\/p>\n<p>&nbsp;<\/p>\n<p>[\/et_pb_accordion_item][et_pb_accordion_item title=&#8221;O que acontece no caso de mau tempo?&#8221; _builder_version=&#8221;4.27.0&#8243; _module_preset=&#8221;default&#8221; global_colors_info=&#8221;{}&#8221; open=&#8221;off&#8221;]<\/p>\n<p>Si le temps n'est pas comme vous le souhaitez pour votre vol et que vous pr\u00e9f\u00e9rez le remarquer, merci de nous contacter au plus vite. Mais si les conditions m\u00e9t\u00e9orologiques sont si mauvaises que le d\u00e9collage n'est pas recommand\u00e9, notre propre \u00e9quipe vous contactera pour reprogrammer.<\/p>\n<p>&nbsp;<\/p>\n<p>[\/et_pb_accordion_item][et_pb_accordion_item title=&#8221;Se o meu voo \u00e9 privativo, posso mudar a rota?&#8221; _builder_version=&#8221;4.27.0&#8243; _module_preset=&#8221;default&#8221; global_colors_info=&#8221;{}&#8221; open=&#8221;off&#8221;]<\/p>\n<p>L'itin\u00e9raire du vol panoramique n'est pas modifiable, mais vous pouvez demander un itin\u00e9raire personnalis\u00e9 qui sera analys\u00e9 par notre \u00e9quipe.<\/p>\n<p>&nbsp;<\/p>\n<p>[\/et_pb_accordion_item][et_pb_accordion_item title=&#8221;Eu tenho medo, ser\u00e1 que vou conseguir voar?&#8221; _builder_version=&#8221;4.27.0&#8243; _module_preset=&#8221;default&#8221; global_colors_info=&#8221;{}&#8221; open=&#8221;off&#8221;]<\/p>\n<p>Nous comprenons votre inqui\u00e9tude et nous voulons vous aider \u00e0 vivre cette exp\u00e9rience incroyable! Nous planifions notre vol pour faire des man\u0153uvres plus douces et nos pilotes sont tr\u00e8s bien form\u00e9s et pr\u00e9par\u00e9s pour aider dans ces situations. Pour vous aider, vous pouvez aussi utiliser nos \u00e9couteurs avec un microphone pour communiquer avec le pilote et vos compagnons de vol.<\/p>\n<p>&nbsp;<\/p>\n<p>[\/et_pb_accordion_item][\/et_pb_accordion][\/et_pb_column][\/et_pb_row][\/et_pb_section]<\/p>","protected":false},"excerpt":{"rendered":"<p>Como \u00e9 o nosso passeio?Voc\u00ea encontrou a melhor op\u00e7\u00e3o do Rio! Te levamos para ver uma das 7 Maravilhas do Mundo e muito mais! Temos v\u00e1rias op\u00e7\u00f5es de voos com dura\u00e7\u00e3o de 18 a 50 mins, e decolagens todos os dias. O passeio de helic\u00f3ptero com a Rio Helicopters oferece uma experi\u00eancia emocionante como nenhuma [&hellip;]<\/p>","protected":false},"author":2,"featured_media":0,"parent":0,"menu_order":8,"comment_status":"closed","ping_status":"closed","template":"","meta":{"_acf_changed":false,"_et_pb_use_builder":"on","_et_pb_old_content":"<!-- wp:divi\/placeholder \/-->","_et_gb_content_width":"","footnotes":""},"class_list":["post-45","page","type-page","status-publish","hentry"],"acf":[],"yoast_head":"<!-- This site is optimized with the Yoast SEO plugin v23.7 - https:\/\/yoast.com\/wordpress\/plugins\/seo\/ -->\n<title>D\u00favidas - Rio Helicopters<\/title>\n<meta name=\"robots\" content=\"index, follow, max-snippet:-1, max-image-preview:large, max-video-preview:-1\" \/>\n<link rel=\"canonical\" href=\"https:\/\/riohelicopters.com\/fr\/duvidas\/\" \/>\n<meta property=\"og:locale\" content=\"fr_FR\" \/>\n<meta property=\"og:type\" content=\"article\" \/>\n<meta property=\"og:title\" content=\"D\u00favidas - Rio Helicopters\" \/>\n<meta property=\"og:description\" content=\"Como \u00e9 o nosso passeio?Voc\u00ea encontrou a melhor op\u00e7\u00e3o do Rio! Te levamos para ver uma das 7 Maravilhas do Mundo e muito mais! Temos v\u00e1rias op\u00e7\u00f5es de voos com dura\u00e7\u00e3o de 18 a 50 mins, e decolagens todos os dias. O passeio de helic\u00f3ptero com a Rio Helicopters oferece uma experi\u00eancia emocionante como nenhuma [&hellip;]\" \/>\n<meta property=\"og:url\" content=\"https:\/\/riohelicopters.com\/fr\/wp-json\/wp\/v2\/pages\/45\" \/>\n<meta property=\"og:site_name\" content=\"Rio Helicopters\" \/>\n<meta property=\"article:modified_time\" content=\"2025-07-12T12:37:38+00:00\" \/>\n<meta name=\"twitter:card\" content=\"summary_large_image\" \/>\n<meta name=\"twitter:label1\" content=\"Dur\u00e9e de lecture estim\u00e9e\" \/>\n\t<meta name=\"twitter:data1\" content=\"9 minutes\" \/>\n<script type=\"application\/ld+json\" class=\"yoast-schema-graph\">{\"@context\":\"https:\/\/schema.org\",\"@graph\":[{\"@type\":\"WebPage\",\"@id\":\"https:\/\/riohelicopters.com\/duvidas\/\",\"url\":\"https:\/\/riohelicopters.com\/duvidas\/\",\"name\":\"D\u00favidas - Rio Helicopters\",\"isPartOf\":{\"@id\":\"https:\/\/riohelicopters.com\/#website\"},\"datePublished\":\"2024-07-22T14:02:35+00:00\",\"dateModified\":\"2025-07-12T12:37:38+00:00\",\"breadcrumb\":{\"@id\":\"https:\/\/riohelicopters.com\/duvidas\/#breadcrumb\"},\"inLanguage\":\"fr-FR\",\"potentialAction\":[{\"@type\":\"ReadAction\",\"target\":[\"https:\/\/riohelicopters.com\/duvidas\/\"]}]},{\"@type\":\"BreadcrumbList\",\"@id\":\"https:\/\/riohelicopters.com\/duvidas\/#breadcrumb\",\"itemListElement\":[{\"@type\":\"ListItem\",\"position\":1,\"name\":\"In\u00edcio\",\"item\":\"https:\/\/riohelicopters.com\/\"},{\"@type\":\"ListItem\",\"position\":2,\"name\":\"D\u00favidas\"}]},{\"@type\":\"WebSite\",\"@id\":\"https:\/\/riohelicopters.com\/#website\",\"url\":\"https:\/\/riohelicopters.com\/\",\"name\":\"Rio Helicopters\",\"description\":\"Passeios de helic\u00f3ptero no Rio de Janeiro\",\"potentialAction\":[{\"@type\":\"SearchAction\",\"target\":{\"@type\":\"EntryPoint\",\"urlTemplate\":\"https:\/\/riohelicopters.com\/?s={search_term_string}\"},\"query-input\":{\"@type\":\"PropertyValueSpecification\",\"valueRequired\":true,\"valueName\":\"search_term_string\"}}],\"inLanguage\":\"fr-FR\"}]}<\/script>\n<!-- \/ Yoast SEO plugin. -->","yoast_head_json":{"title":"D\u00favidas - Rio Helicopters","robots":{"index":"index","follow":"follow","max-snippet":"max-snippet:-1","max-image-preview":"max-image-preview:large","max-video-preview":"max-video-preview:-1"},"canonical":"https:\/\/riohelicopters.com\/fr\/duvidas\/","og_locale":"fr_FR","og_type":"article","og_title":"D\u00favidas - Rio Helicopters","og_description":"Como \u00e9 o nosso passeio?Voc\u00ea encontrou a melhor op\u00e7\u00e3o do Rio! Te levamos para ver uma das 7 Maravilhas do Mundo e muito mais! Temos v\u00e1rias op\u00e7\u00f5es de voos com dura\u00e7\u00e3o de 18 a 50 mins, e decolagens todos os dias. O passeio de helic\u00f3ptero com a Rio Helicopters oferece uma experi\u00eancia emocionante como nenhuma [&hellip;]","og_url":"https:\/\/riohelicopters.com\/fr\/wp-json\/wp\/v2\/pages\/45","og_site_name":"Rio Helicopters","article_modified_time":"2025-07-12T12:37:38+00:00","twitter_card":"summary_large_image","twitter_misc":{"Dur\u00e9e de lecture estim\u00e9e":"9 minutes"},"schema":{"@context":"https:\/\/schema.org","@graph":[{"@type":"WebPage","@id":"https:\/\/riohelicopters.com\/duvidas\/","url":"https:\/\/riohelicopters.com\/duvidas\/","name":"D\u00favidas - Rio Helicopters","isPartOf":{"@id":"https:\/\/riohelicopters.com\/#website"},"datePublished":"2024-07-22T14:02:35+00:00","dateModified":"2025-07-12T12:37:38+00:00","breadcrumb":{"@id":"https:\/\/riohelicopters.com\/duvidas\/#breadcrumb"},"inLanguage":"fr-FR","potentialAction":[{"@type":"ReadAction","target":["https:\/\/riohelicopters.com\/duvidas\/"]}]},{"@type":"BreadcrumbList","@id":"https:\/\/riohelicopters.com\/duvidas\/#breadcrumb","itemListElement":[{"@type":"ListItem","position":1,"name":"In\u00edcio","item":"https:\/\/riohelicopters.com\/"},{"@type":"ListItem","position":2,"name":"D\u00favidas"}]},{"@type":"WebSite","@id":"https:\/\/riohelicopters.com\/#website","url":"https:\/\/riohelicopters.com\/","name":"Rio Helicopters","description":"Passeios de helic\u00f3ptero no Rio de Janeiro","potentialAction":[{"@type":"SearchAction","target":{"@type":"EntryPoint","urlTemplate":"https:\/\/riohelicopters.com\/?s={search_term_string}"},"query-input":{"@type":"PropertyValueSpecification","valueRequired":true,"valueName":"search_term_string"}}],"inLanguage":"fr-FR"}]}},"_links":{"self":[{"href":"https:\/\/riohelicopters.com\/fr\/wp-json\/wp\/v2\/pages\/45"}],"collection":[{"href":"https:\/\/riohelicopters.com\/fr\/wp-json\/wp\/v2\/pages"}],"about":[{"href":"https:\/\/riohelicopters.com\/fr\/wp-json\/wp\/v2\/types\/page"}],"author":[{"embeddable":true,"href":"https:\/\/riohelicopters.com\/fr\/wp-json\/wp\/v2\/users\/2"}],"replies":[{"embeddable":true,"href":"https:\/\/riohelicopters.com\/fr\/wp-json\/wp\/v2\/comments?post=45"}],"version-history":[{"count":55,"href":"https:\/\/riohelicopters.com\/fr\/wp-json\/wp\/v2\/pages\/45\/revisions"}],"predecessor-version":[{"id":4051,"href":"https:\/\/riohelicopters.com\/fr\/wp-json\/wp\/v2\/pages\/45\/revisions\/4051"}],"wp:attachment":[{"href":"https:\/\/riohelicopters.com\/fr\/wp-json\/wp\/v2\/media?parent=45"}],"curies":[{"name":"wp","href":"https:\/\/api.w.org\/{rel}","templated":true}]}}