{"id":45,"date":"2024-07-22T11:02:35","date_gmt":"2024-07-22T14:02:35","guid":{"rendered":"https:\/\/riohelicopters.com\/?page_id=45"},"modified":"2025-07-12T09:37:38","modified_gmt":"2025-07-12T12:37:38","slug":"duvidas","status":"publish","type":"page","link":"https:\/\/riohelicopters.com\/it\/duvidas\/","title":{"rendered":"Dubbi"},"content":{"rendered":"<p>[et_pb_section fb_built=&#8221;1&#8243; admin_label=&#8221;Se\u00e7\u00e3o&#8221; _builder_version=&#8221;4.27.0&#8243; _module_preset=&#8221;default&#8221; background_color=&#8221;RGBA(255,255,255,0)&#8221; custom_margin=&#8221;||||false|false&#8221; custom_padding=&#8221;170px||||false|false&#8221; da_disable_devices=&#8221;off|off|off&#8221; locked=&#8221;off&#8221; global_colors_info=&#8221;{}&#8221; da_is_popup=&#8221;off&#8221; da_exit_intent=&#8221;off&#8221; da_has_close=&#8221;on&#8221; da_alt_close=&#8221;off&#8221; da_dark_close=&#8221;off&#8221; da_not_modal=&#8221;on&#8221; da_is_singular=&#8221;off&#8221; da_with_loader=&#8221;off&#8221; da_has_shadow=&#8221;on&#8221;][et_pb_row column_structure=&#8221;1_2,1_2&#8243; make_equal=&#8221;on&#8221; _builder_version=&#8221;4.27.0&#8243; _module_preset=&#8221;default&#8221; global_colors_info=&#8221;{}&#8221;][et_pb_column type=&#8221;1_2&#8243; _builder_version=&#8221;4.27.0&#8243; _module_preset=&#8221;default&#8221; global_colors_info=&#8221;{}&#8221;][et_pb_text _builder_version=&#8221;4.27.0&#8243; _module_preset=&#8221;default&#8221; text_font=&#8221;&#8211;et_global_body_font|500|||||||&#8221; text_text_color=&#8221;#FFFFFF&#8221; text_font_size=&#8221;20px&#8221; header_font=&#8221;&#8211;et_global_body_font|500|||||||&#8221; header_text_color=&#8221;#FFFFFF&#8221; header_font_size=&#8221;70px&#8221; custom_margin=&#8221;0px||||false|false&#8221; custom_padding=&#8221;0px||||false|false&#8221; header_font_size_tablet=&#8221;70px&#8221; header_font_size_phone=&#8221;40px&#8221; header_font_size_last_edited=&#8221;on|phone&#8221; locked=&#8221;off&#8221; global_colors_info=&#8221;{}&#8221;]<\/p>\n<h1>Come \u00e8 questa esperienza con noi?<\/h1>\n<p>[\/et_pb_text][et_pb_text _builder_version=&#8221;4.27.0&#8243; _module_preset=&#8221;default&#8221; text_font=&#8221;||||||||&#8221; text_text_color=&#8221;#dfdfdf&#8221; text_font_size=&#8221;18px&#8221; text_line_height=&#8221;25px&#8221; locked=&#8221;off&#8221; global_colors_info=&#8221;{}&#8221;]<\/p>\n<p>Hai trovato l'opzione migliore a Rio!<\/p>\n<p>Ti portiamo a vedere una delle 7 Meraviglie del Mondo e molto altro ancora! Disponiamo di diverse opzioni di volo della durata dai 18 ai 50 minuti e decolli tutti i giorni.<\/p>\n<p>Il tour in elicottero con Rio Helicopters offre un'esperienza esaltante come nessun'altra! Dall'adrenalina del decollo alle impressionanti vedute aeree della citt\u00e0 di Rio de Janeiro, rimarrai stupito.<\/p>\n<p>La sicurezza \u00e8 la nostra priorit\u00e0, lavoriamo solo con aerei legali e con la manutenzione quotidiana. Offriamo una sala VIP per il tuo comfort fino al momento dell'imbarco.<\/p>\n<p>Effettuiamo prenotazioni senza deposito e la cancellazione \u00e8 gratuita.<\/p>\n<p>[\/et_pb_text][\/et_pb_column][et_pb_column type=&#8221;1_2&#8243; _builder_version=&#8221;4.27.0&#8243; _module_preset=&#8221;default&#8221; custom_css_free_form=&#8221;selector {||  display: flex;||  flex-direction: column;||  justify-content: center;||}&#8221; global_colors_info=&#8221;{}&#8221;][et_pb_image src=&#8221;https:\/\/riohelicopters.com\/wp-content\/uploads\/2024\/09\/Frame-18.png&#8221; title_text=&#8221;Frame 18&#8243; align=&#8221;center&#8221; _builder_version=&#8221;4.27.0&#8243; _module_preset=&#8221;default&#8221; max_width=&#8221;600px&#8221; global_colors_info=&#8221;{}&#8221;][\/et_pb_image][\/et_pb_column][\/et_pb_row][\/et_pb_section][et_pb_section fb_built=&#8221;1&#8243; _builder_version=&#8221;4.27.0&#8243; _module_preset=&#8221;default&#8221; background_color=&#8221;RGBA(255,255,255,0)&#8221; custom_padding=&#8221;0px||||false|false&#8221; da_disable_devices=&#8221;off|off|off&#8221; global_colors_info=&#8221;{}&#8221; da_is_popup=&#8221;off&#8221; da_exit_intent=&#8221;off&#8221; da_has_close=&#8221;on&#8221; da_alt_close=&#8221;off&#8221; da_dark_close=&#8221;off&#8221; da_not_modal=&#8221;on&#8221; da_is_singular=&#8221;off&#8221; da_with_loader=&#8221;off&#8221; da_has_shadow=&#8221;on&#8221;][et_pb_row _builder_version=&#8221;4.27.0&#8243; _module_preset=&#8221;default&#8221; custom_margin=&#8221;||60px||false|false&#8221; custom_margin_tablet=&#8221;||60px||false|false&#8221; custom_margin_phone=&#8221;||0px||false|false&#8221; custom_margin_last_edited=&#8221;on|phone&#8221; global_colors_info=&#8221;{}&#8221;][et_pb_column type=&#8221;4_4&#8243; _builder_version=&#8221;4.27.0&#8243; _module_preset=&#8221;default&#8221; global_colors_info=&#8221;{}&#8221;][et_pb_text _builder_version=&#8221;4.27.0&#8243; _module_preset=&#8221;default&#8221; header_2_font=&#8221;&#8211;et_global_heading_font|800||on|||||&#8221; header_2_text_color=&#8221;#FFFFFF&#8221; header_2_font_size=&#8221;55px&#8221; header_2_letter_spacing=&#8221;-0.95px&#8221; header_2_line_height=&#8221;0.6em&#8221; header_4_font=&#8221;&#8211;et_global_heading_font|500|||||||&#8221; header_4_text_color=&#8221;#FFFFFF&#8221; header_4_font_size=&#8221;20px&#8221; header_4_letter_spacing=&#8221;-0.95px&#8221; text_orientation=&#8221;center&#8221; header_2_font_size_tablet=&#8221;55px&#8221; header_2_font_size_phone=&#8221;30px&#8221; header_2_font_size_last_edited=&#8221;on|phone&#8221; header_4_font_size_tablet=&#8221;20px&#8221; header_4_font_size_phone=&#8221;18px&#8221; header_4_font_size_last_edited=&#8221;on|phone&#8221; custom_css_free_form=&#8221;selector h4 {||  font-weight: 400;||}||selector:before {||  content: %22QUESTION%22;||  position: absolute;||  font-size: 163.33px;||  width: 100%;||  top: 0.2em;||  left: 0;||  text-transform: uppercase;||  font-weight: 800;||  color: rgb(75,75,75,20%);||}||||@media (max-width: 981px) {||  selector:before {||  font-size:60px;||  }}||&#8221; locked=&#8221;off&#8221; global_colors_info=&#8221;{}&#8221;]<\/p>\n<h4>Tutto quello che<\/h4>\n<h2>VUOI SAPERE<\/h2>\n<p>[\/et_pb_text][\/et_pb_column][\/et_pb_row][et_pb_row column_structure=&#8221;1_2,1_2&#8243; _builder_version=&#8221;4.27.0&#8243; _module_preset=&#8221;default&#8221; global_colors_info=&#8221;{}&#8221;][et_pb_column type=&#8221;1_2&#8243; _builder_version=&#8221;4.27.0&#8243; _module_preset=&#8221;default&#8221; global_colors_info=&#8221;{}&#8221;][et_pb_accordion open_toggle_text_color=&#8221;#000000&#8243; open_toggle_background_color=&#8221;RGBA(255,255,255,0)&#8221; closed_toggle_background_color=&#8221;RGBA(255,255,255,0)&#8221; toggle_icon=&#8221;&#x35;||divi||400&#8243; icon_color=&#8221;gcid-d7d269ab-9c54-4476-b47a-3cdcd367f3dc&#8221; use_icon_font_size=&#8221;on&#8221; icon_font_size=&#8221;40px&#8221; _builder_version=&#8221;4.27.0&#8243; _module_preset=&#8221;default&#8221; toggle_text_color=&#8221;#000000&#8243; toggle_font=&#8221;&#8211;et_global_heading_font|500|||||||&#8221; toggle_font_size=&#8221;15px&#8221; custom_margin=&#8221;||||false|false&#8221; border_radii=&#8221;on|20px|20px|20px|20px&#8221; border_color_all=&#8221;gcid-ff935773-fa00-4627-b36d-55009d0df60c&#8221; global_colors_info=&#8221;{%22gcid-d7d269ab-9c54-4476-b47a-3cdcd367f3dc%22:%91%22icon_color%22%93,%22gcid-ff935773-fa00-4627-b36d-55009d0df60c%22:%91%22border_color_all%22%93}&#8221;][et_pb_accordion_item title=&#8221;Vou dividir o helic\u00f3ptero com outras pessoas?&#8221; open=&#8221;on&#8221; _builder_version=&#8221;4.27.0&#8243; _module_preset=&#8221;default&#8221; global_colors_info=&#8221;{}&#8221;]<\/p>\n<p>Solo se chiede condividere. Altrimenti il \u200b\u200bvolo sar\u00e0 privato, con le persone della tua prenotazione.<\/p>\n<p>&nbsp;<\/p>\n<p>[\/et_pb_accordion_item][et_pb_accordion_item title=&#8221;Quantas pessoas por helic\u00f3ptero?&#8221; _builder_version=&#8221;4.27.0&#8243; _module_preset=&#8221;default&#8221; global_colors_info=&#8221;{}&#8221; open=&#8221;off&#8221;]<\/p>\n<p>Rio Helicopters funziona con diversi velivoli di diverse dimensioni, gli aerei pi\u00f9 utilizzati sono R44 e Jet Ranger, con capacit\u00e0 rispettivamente di 3 o 4 passeggeri.<\/p>\n<p>&nbsp;<\/p>\n<p>[\/et_pb_accordion_item][et_pb_accordion_item title=&#8221;Posso escolher sentar na frente ou na janela?&#8221; _builder_version=&#8221;4.27.0&#8243; _module_preset=&#8221;default&#8221; global_colors_info=&#8221;{}&#8221; open=&#8221;off&#8221;]<\/p>\n<p>Sui voli privati \u200b\u200bdi solito puoi scegliere i tuoi posti. Tuttavia, per una maggiore sicurezza ed un miglior bilanciamento dell'aeromobile, il Pilota in comando potr\u00e0 richiedere eventuali modifiche. Sui voli condivisi i posti verranno definiti in base all'autonomia dell'aeromobile e al peso di ciascuna persona.<\/p>\n<p>&nbsp;<\/p>\n<p>[\/et_pb_accordion_item][et_pb_accordion_item title=&#8221;A Rio Helicopters segue todas as regras de seguran\u00e7a?&#8221; _builder_version=&#8221;4.27.0&#8243; _module_preset=&#8221;default&#8221; global_colors_info=&#8221;{}&#8221; open=&#8221;off&#8221;]<\/p>\n<p>S\u00ec! Le nostre operazioni aeree soddisfano tutti i requisiti dell'Agenzia Nazionale per l'Aviazione Civile (ANAC). Seguiamo tutte le regole di manutenzione degli aeromobili e formazione dell'equipaggio. Il nostro team \u00e8 totalmente concentrato sulla sicurezza e la soddisfazione dei nostri clienti.<\/p>\n<p>&nbsp;<\/p>\n<p>[\/et_pb_accordion_item][et_pb_accordion_item title=&#8221;Qual o limite de peso para voar?&#8221; _builder_version=&#8221;4.27.0&#8243; _module_preset=&#8221;default&#8221; global_colors_info=&#8221;{}&#8221; open=&#8221;off&#8221;]<\/p>\n<p>Il limite \u00e8 in media di 120 chili per posto, a seconda dell'aeromobile utilizzato e del peso totale di tutti i passeggeri.<\/p>\n<p>&nbsp;<\/p>\n<p>[\/et_pb_accordion_item][et_pb_accordion_item title=&#8221;Crian\u00e7as e gr\u00e1vidas podem voar?&#8221; _builder_version=&#8221;4.27.0&#8243; _module_preset=&#8221;default&#8221; global_colors_info=&#8221;{}&#8221; open=&#8221;off&#8221;]<\/p>\n<p>S\u00ec, i neonati e i bambini fino a 2 anni viaggiano gratis e possono sedersi in braccio a te, purch\u00e9 rispetti il \u200b\u200blimite di peso medio per posto fino a 120 chili. \u00c8 consentito 1 bambino in braccio per volo. I bambini di et\u00e0 superiore a 2 anni non possono essere trasportati in braccio e devono occupare un posto. Non ci sono controindicazioni per il volo in elicottero per le donne incinte, ma consigliamo sempre di consultare prima il medico.<\/p>\n<p>&nbsp;<\/p>\n<p>[\/et_pb_accordion_item][et_pb_accordion_item title=&#8221;Quanto tempo antes do voo devo chegar?&#8221; _builder_version=&#8221;4.27.0&#8243; _module_preset=&#8221;default&#8221; global_colors_info=&#8221;{}&#8221; open=&#8221;off&#8221;]<\/p>\n<p>Ti chiediamo di presentarti 30 minuti prima del decollo prima del volo per il pagamento e il check-in prima de volare.\u00a0<\/p>\n<p>&nbsp;<\/p>\n<p>[\/et_pb_accordion_item][\/et_pb_accordion][\/et_pb_column][et_pb_column type=&#8221;1_2&#8243; _builder_version=&#8221;4.27.0&#8243; _module_preset=&#8221;default&#8221; global_colors_info=&#8221;{}&#8221;][et_pb_accordion open_toggle_text_color=&#8221;#000000&#8243; open_toggle_background_color=&#8221;RGBA(255,255,255,0)&#8221; closed_toggle_background_color=&#8221;RGBA(255,255,255,0)&#8221; toggle_icon=&#8221;&#x35;||divi||400&#8243; icon_color=&#8221;gcid-d7d269ab-9c54-4476-b47a-3cdcd367f3dc&#8221; use_icon_font_size=&#8221;on&#8221; icon_font_size=&#8221;40px&#8221; _builder_version=&#8221;4.27.0&#8243; _module_preset=&#8221;default&#8221; toggle_text_color=&#8221;#000000&#8243; toggle_font=&#8221;&#8211;et_global_heading_font|500|||||||&#8221; toggle_font_size=&#8221;15px&#8221; custom_margin=&#8221;||||false|false&#8221; border_radii=&#8221;on|20px|20px|20px|20px&#8221; border_color_all=&#8221;gcid-ff935773-fa00-4627-b36d-55009d0df60c&#8221; global_colors_info=&#8221;{%22gcid-d7d269ab-9c54-4476-b47a-3cdcd367f3dc%22:%91%22icon_color%22%93,%22gcid-ff935773-fa00-4627-b36d-55009d0df60c%22:%91%22border_color_all%22%93}&#8221;][et_pb_accordion_item title=&#8221;O que acontece se eu me atrasar ou quiser cancelar meu voo?&#8221; open=&#8221;on&#8221; _builder_version=&#8221;4.27.0&#8243; _module_preset=&#8221;default&#8221; global_colors_info=&#8221;{}&#8221;]<\/p>\n<p>In caso di ritardo, il volo verr\u00e0 riprogrammato in base alla disponibilit\u00e0, senza alcuna garanzia che venga effettuato lo stesso giorno.\u00a0<\/p>\n<p>Vi chiediamo di avvisarci il prima possibile in caso di cancellazione per evitare un NO SHOW.<\/p>\n<p>[\/et_pb_accordion_item][et_pb_accordion_item title=&#8221;Tenho que apresentar documentos para voar?&#8221; _builder_version=&#8221;4.27.0&#8243; _module_preset=&#8221;default&#8221; global_colors_info=&#8221;{}&#8221; open=&#8221;off&#8221;]<\/p>\n<p>S\u00ec, devi portare un documento con una foto (fotocopia o dal tuo cellulare)<\/p>\n<p>&nbsp;<\/p>\n<p>[\/et_pb_accordion_item][et_pb_accordion_item title=&#8221;Posso usar o celular durante o voo?&#8221; _builder_version=&#8221;4.27.0&#8243; _module_preset=&#8221;default&#8221; global_colors_info=&#8221;{}&#8221; open=&#8221;off&#8221;]<\/p>\n<p>Nessun problema, avrai sbalzi di segnale, ma potrai utilizzare il cellulare per post, chiamate, foto e video.<\/p>\n<p>&nbsp;<\/p>\n<p>[\/et_pb_accordion_item][et_pb_accordion_item title=&#8221;Qual o local de encontro e fornecem transporte?&#8221; _builder_version=&#8221;4.27.0&#8243; _module_preset=&#8221;default&#8221; global_colors_info=&#8221;{}&#8221; open=&#8221;off&#8221;]<\/p>\n<p>Abbiamo 2 siti di decollo: il Campo da Golf Olimpico e l'Aeroporto di Jacarepagu\u00e1, entrambi a Barra da Tijuca. Controlla la tua conferma della prenotazione per il luogo di decolo.<\/p>\n<p>Rio Helicopters offre un servizio auto con autista a un costo aggiuntivo e in base alla disponibilit\u00e0. Puoi richiedere tramite il sito web o WhatsApp.<\/p>\n<p>&nbsp;<\/p>\n<p>[\/et_pb_accordion_item][et_pb_accordion_item title=&#8221;O que acontece no caso de mau tempo?&#8221; _builder_version=&#8221;4.27.0&#8243; _module_preset=&#8221;default&#8221; global_colors_info=&#8221;{}&#8221; open=&#8221;off&#8221;]<\/p>\n<p>Se il tempo non \u00e8 come desideri per il tuo volo e preferisci riprogrammare, ti preghiamo di contattarci al pi\u00f9 presto. Ma se le condizioni meteorologiche sono cos\u00ec cattive e il decollo non \u00e8 consigliato, il nostro team ti contatter\u00e0 per riprogrammare.<\/p>\n<p>&nbsp;<\/p>\n<p>[\/et_pb_accordion_item][et_pb_accordion_item title=&#8221;Se o meu voo \u00e9 privativo, posso mudar a rota?&#8221; _builder_version=&#8221;4.27.0&#8243; _module_preset=&#8221;default&#8221; global_colors_info=&#8221;{}&#8221; open=&#8221;off&#8221;]<\/p>\n<p>Il percorso del volo panoramico non \u00e8 modificabile, ma \u00e8 possibile richiedere un percorso personalizzato che verr\u00e0 analizzato dal nostro team.<\/p>\n<p>&nbsp;<\/p>\n<p>[\/et_pb_accordion_item][et_pb_accordion_item title=&#8221;Eu tenho medo, ser\u00e1 que vou conseguir voar?&#8221; _builder_version=&#8221;4.27.0&#8243; _module_preset=&#8221;default&#8221; global_colors_info=&#8221;{}&#8221; open=&#8221;off&#8221;]<\/p>\n<p>Comprendiamo la tua preoccupazione e vogliamo aiutarti a vivere questa incredibile esperienza! Pianifichiamo il nostro volo in modo da rendere le manovre pi\u00f9 fluide ei nostri piloti sono molto ben addestrati e preparati per aiutare in queste situazioni. Per aiutarti puoi anche utilizzare le nostre cuffie con microfono per comunicare con il Pilota e i tuoi compagni di volo.<\/p>\n<p>&nbsp;<\/p>\n<p>[\/et_pb_accordion_item][\/et_pb_accordion][\/et_pb_column][\/et_pb_row][\/et_pb_section]<\/p>","protected":false},"excerpt":{"rendered":"<p>Como \u00e9 o nosso passeio?Voc\u00ea encontrou a melhor op\u00e7\u00e3o do Rio! Te levamos para ver uma das 7 Maravilhas do Mundo e muito mais! Temos v\u00e1rias op\u00e7\u00f5es de voos com dura\u00e7\u00e3o de 18 a 50 mins, e decolagens todos os dias. O passeio de helic\u00f3ptero com a Rio Helicopters oferece uma experi\u00eancia emocionante como nenhuma [&hellip;]<\/p>","protected":false},"author":2,"featured_media":0,"parent":0,"menu_order":8,"comment_status":"closed","ping_status":"closed","template":"","meta":{"_acf_changed":false,"_et_pb_use_builder":"on","_et_pb_old_content":"<!-- wp:divi\/placeholder \/-->","_et_gb_content_width":"","footnotes":""},"class_list":["post-45","page","type-page","status-publish","hentry"],"acf":[],"yoast_head":"<!-- This site is optimized with the Yoast SEO plugin v23.7 - https:\/\/yoast.com\/wordpress\/plugins\/seo\/ -->\n<title>D\u00favidas - Rio Helicopters<\/title>\n<meta name=\"robots\" content=\"index, follow, max-snippet:-1, max-image-preview:large, max-video-preview:-1\" \/>\n<link rel=\"canonical\" href=\"https:\/\/riohelicopters.com\/it\/duvidas\/\" \/>\n<meta property=\"og:locale\" content=\"it_IT\" \/>\n<meta property=\"og:type\" content=\"article\" \/>\n<meta property=\"og:title\" content=\"D\u00favidas - Rio Helicopters\" \/>\n<meta property=\"og:description\" content=\"Como \u00e9 o nosso passeio?Voc\u00ea encontrou a melhor op\u00e7\u00e3o do Rio! Te levamos para ver uma das 7 Maravilhas do Mundo e muito mais! Temos v\u00e1rias op\u00e7\u00f5es de voos com dura\u00e7\u00e3o de 18 a 50 mins, e decolagens todos os dias. O passeio de helic\u00f3ptero com a Rio Helicopters oferece uma experi\u00eancia emocionante como nenhuma [&hellip;]\" \/>\n<meta property=\"og:url\" content=\"https:\/\/riohelicopters.com\/it\/wp-json\/wp\/v2\/pages\/45\" \/>\n<meta property=\"og:site_name\" content=\"Rio Helicopters\" \/>\n<meta property=\"article:modified_time\" content=\"2025-07-12T12:37:38+00:00\" \/>\n<meta name=\"twitter:card\" content=\"summary_large_image\" \/>\n<meta name=\"twitter:label1\" content=\"Tempo di lettura stimato\" \/>\n\t<meta name=\"twitter:data1\" content=\"9 minuti\" \/>\n<script type=\"application\/ld+json\" class=\"yoast-schema-graph\">{\"@context\":\"https:\/\/schema.org\",\"@graph\":[{\"@type\":\"WebPage\",\"@id\":\"https:\/\/riohelicopters.com\/duvidas\/\",\"url\":\"https:\/\/riohelicopters.com\/duvidas\/\",\"name\":\"D\u00favidas - Rio Helicopters\",\"isPartOf\":{\"@id\":\"https:\/\/riohelicopters.com\/#website\"},\"datePublished\":\"2024-07-22T14:02:35+00:00\",\"dateModified\":\"2025-07-12T12:37:38+00:00\",\"breadcrumb\":{\"@id\":\"https:\/\/riohelicopters.com\/duvidas\/#breadcrumb\"},\"inLanguage\":\"it-IT\",\"potentialAction\":[{\"@type\":\"ReadAction\",\"target\":[\"https:\/\/riohelicopters.com\/duvidas\/\"]}]},{\"@type\":\"BreadcrumbList\",\"@id\":\"https:\/\/riohelicopters.com\/duvidas\/#breadcrumb\",\"itemListElement\":[{\"@type\":\"ListItem\",\"position\":1,\"name\":\"In\u00edcio\",\"item\":\"https:\/\/riohelicopters.com\/\"},{\"@type\":\"ListItem\",\"position\":2,\"name\":\"D\u00favidas\"}]},{\"@type\":\"WebSite\",\"@id\":\"https:\/\/riohelicopters.com\/#website\",\"url\":\"https:\/\/riohelicopters.com\/\",\"name\":\"Rio Helicopters\",\"description\":\"Passeios de helic\u00f3ptero no Rio de Janeiro\",\"potentialAction\":[{\"@type\":\"SearchAction\",\"target\":{\"@type\":\"EntryPoint\",\"urlTemplate\":\"https:\/\/riohelicopters.com\/?s={search_term_string}\"},\"query-input\":{\"@type\":\"PropertyValueSpecification\",\"valueRequired\":true,\"valueName\":\"search_term_string\"}}],\"inLanguage\":\"it-IT\"}]}<\/script>\n<!-- \/ Yoast SEO plugin. -->","yoast_head_json":{"title":"D\u00favidas - Rio Helicopters","robots":{"index":"index","follow":"follow","max-snippet":"max-snippet:-1","max-image-preview":"max-image-preview:large","max-video-preview":"max-video-preview:-1"},"canonical":"https:\/\/riohelicopters.com\/it\/duvidas\/","og_locale":"it_IT","og_type":"article","og_title":"D\u00favidas - Rio Helicopters","og_description":"Como \u00e9 o nosso passeio?Voc\u00ea encontrou a melhor op\u00e7\u00e3o do Rio! Te levamos para ver uma das 7 Maravilhas do Mundo e muito mais! Temos v\u00e1rias op\u00e7\u00f5es de voos com dura\u00e7\u00e3o de 18 a 50 mins, e decolagens todos os dias. O passeio de helic\u00f3ptero com a Rio Helicopters oferece uma experi\u00eancia emocionante como nenhuma [&hellip;]","og_url":"https:\/\/riohelicopters.com\/it\/wp-json\/wp\/v2\/pages\/45","og_site_name":"Rio Helicopters","article_modified_time":"2025-07-12T12:37:38+00:00","twitter_card":"summary_large_image","twitter_misc":{"Tempo di lettura stimato":"9 minuti"},"schema":{"@context":"https:\/\/schema.org","@graph":[{"@type":"WebPage","@id":"https:\/\/riohelicopters.com\/duvidas\/","url":"https:\/\/riohelicopters.com\/duvidas\/","name":"D\u00favidas - Rio Helicopters","isPartOf":{"@id":"https:\/\/riohelicopters.com\/#website"},"datePublished":"2024-07-22T14:02:35+00:00","dateModified":"2025-07-12T12:37:38+00:00","breadcrumb":{"@id":"https:\/\/riohelicopters.com\/duvidas\/#breadcrumb"},"inLanguage":"it-IT","potentialAction":[{"@type":"ReadAction","target":["https:\/\/riohelicopters.com\/duvidas\/"]}]},{"@type":"BreadcrumbList","@id":"https:\/\/riohelicopters.com\/duvidas\/#breadcrumb","itemListElement":[{"@type":"ListItem","position":1,"name":"In\u00edcio","item":"https:\/\/riohelicopters.com\/"},{"@type":"ListItem","position":2,"name":"D\u00favidas"}]},{"@type":"WebSite","@id":"https:\/\/riohelicopters.com\/#website","url":"https:\/\/riohelicopters.com\/","name":"Rio Helicopters","description":"Passeios de helic\u00f3ptero no Rio de Janeiro","potentialAction":[{"@type":"SearchAction","target":{"@type":"EntryPoint","urlTemplate":"https:\/\/riohelicopters.com\/?s={search_term_string}"},"query-input":{"@type":"PropertyValueSpecification","valueRequired":true,"valueName":"search_term_string"}}],"inLanguage":"it-IT"}]}},"_links":{"self":[{"href":"https:\/\/riohelicopters.com\/it\/wp-json\/wp\/v2\/pages\/45"}],"collection":[{"href":"https:\/\/riohelicopters.com\/it\/wp-json\/wp\/v2\/pages"}],"about":[{"href":"https:\/\/riohelicopters.com\/it\/wp-json\/wp\/v2\/types\/page"}],"author":[{"embeddable":true,"href":"https:\/\/riohelicopters.com\/it\/wp-json\/wp\/v2\/users\/2"}],"replies":[{"embeddable":true,"href":"https:\/\/riohelicopters.com\/it\/wp-json\/wp\/v2\/comments?post=45"}],"version-history":[{"count":55,"href":"https:\/\/riohelicopters.com\/it\/wp-json\/wp\/v2\/pages\/45\/revisions"}],"predecessor-version":[{"id":4051,"href":"https:\/\/riohelicopters.com\/it\/wp-json\/wp\/v2\/pages\/45\/revisions\/4051"}],"wp:attachment":[{"href":"https:\/\/riohelicopters.com\/it\/wp-json\/wp\/v2\/media?parent=45"}],"curies":[{"name":"wp","href":"https:\/\/api.w.org\/{rel}","templated":true}]}}